{"id":112,"date":"2014-09-19T09:56:05","date_gmt":"2014-09-19T07:56:05","guid":{"rendered":"http:\/\/62.218.72.186\/wordpress\/?page_id=112"},"modified":"2020-12-08T22:41:18","modified_gmt":"2020-12-08T21:41:18","slug":"enis","status":"publish","type":"page","link":"https:\/\/www.mint2000.at\/Wordpress\/index.php\/medienkompetenz\/weitere-auszeichnungen\/enis\/","title":{"rendered":"ENIS"},"content":{"rendered":"<p>&nbsp;<\/p>\n<p><img loading=\"lazy\" decoding=\"async\" src=\"http:\/\/62.218.72.186\/informatik\/fotos\/enis.jpg\" alt=\"ENIS\" width=\"150\" height=\"74\" align=\"right\" hspace=\"2\" vspace=\"3\" \/><\/p>\n<p><span style=\"font-family: arial,helvetica,sans-serif; font-size: 12pt;\">Seit Dezember 2005 geh\u00f6rt unsere Schule dem Verbund der ENIS-Schulen an. <\/span><br \/>\n<span style=\"font-family: arial,helvetica,sans-serif; font-size: 12pt;\"><a href=\"http:\/\/www.enis.stsnet.at\/joomla\/\" target=\"_blank\" rel=\"noopener noreferrer\">ENIS<\/a> ist ein Netzwerk bestehend aus 401 europ\u00e4ischer, vernetzter, innovativer Schulen in 19 L\u00e4ndern. In den zertifizierten Schulen muss die Infrastruktur daf\u00fcr sehr ausgereift sein und es m\u00fcssen didaktische und methodische Konzepte erprobt und umgesetzt werden. Diese Schulen werden schon heute als Schulen von Morgen aufgrund ihres innovativen IKT Einsatzes (Informations- und Kommunikationstechnologie), um das Lehren und Lernen zu verbessern und ihrer hohen Qualit\u00e4tsstandards bezeichnet. <\/span><\/p>\n<p>&nbsp;<\/p>\n","protected":false},"excerpt":{"rendered":"<p>&nbsp; Seit Dezember 2005 geh\u00f6rt unsere Schule dem Verbund der ENIS-Schulen an. ENIS ist ein Netzwerk bestehend aus 401 europ\u00e4ischer, vernetzter, innovativer Schulen in 19 L\u00e4ndern. In den zertifizierten Schulen muss die Infrastruktur daf\u00fcr sehr ausgereift sein und es m\u00fcssen didaktische und methodische Konzepte erprobt und umgesetzt werden. Diese Schulen werden schon heute als Schulen [&hellip;]<\/p>\n","protected":false},"author":3,"featured_media":0,"parent":26523,"menu_order":4,"comment_status":"closed","ping_status":"closed","template":"","meta":{"ngg_post_thumbnail":0,"footnotes":""},"class_list":["post-112","page","type-page","status-publish","hentry"],"_links":{"self":[{"href":"https:\/\/www.mint2000.at\/Wordpress\/index.php\/wp-json\/wp\/v2\/pages\/112","targetHints":{"allow":["GET"]}}],"collection":[{"href":"https:\/\/www.mint2000.at\/Wordpress\/index.php\/wp-json\/wp\/v2\/pages"}],"about":[{"href":"https:\/\/www.mint2000.at\/Wordpress\/index.php\/wp-json\/wp\/v2\/types\/page"}],"author":[{"embeddable":true,"href":"https:\/\/www.mint2000.at\/Wordpress\/index.php\/wp-json\/wp\/v2\/users\/3"}],"replies":[{"embeddable":true,"href":"https:\/\/www.mint2000.at\/Wordpress\/index.php\/wp-json\/wp\/v2\/comments?post=112"}],"version-history":[{"count":0,"href":"https:\/\/www.mint2000.at\/Wordpress\/index.php\/wp-json\/wp\/v2\/pages\/112\/revisions"}],"up":[{"embeddable":true,"href":"https:\/\/www.mint2000.at\/Wordpress\/index.php\/wp-json\/wp\/v2\/pages\/26523"}],"wp:attachment":[{"href":"https:\/\/www.mint2000.at\/Wordpress\/index.php\/wp-json\/wp\/v2\/media?parent=112"}],"curies":[{"name":"wp","href":"https:\/\/api.w.org\/{rel}","templated":true}]}}