{"id":141,"date":"2014-09-25T09:58:12","date_gmt":"2014-09-25T07:58:12","guid":{"rendered":"http:\/\/62.218.72.186\/wordpress\/?page_id=141"},"modified":"2023-05-25T09:46:16","modified_gmt":"2023-05-25T07:46:16","slug":"hausordnung","status":"publish","type":"page","link":"https:\/\/www.mint2000.at\/Wordpress\/index.php\/schulprofil\/hausordnung\/","title":{"rendered":"Verhaltenskodex"},"content":{"rendered":"<p><!--more--><\/p>\n<p><span style=\"font-family: arial,helvetica,sans-serif;\"><strong>Die Direktorin<\/strong><\/span><\/p>\n<ul>\n<li><span style=\"font-family: arial,helvetica,sans-serif;\">gibt wichtige Informationen die Schule betreffend an Sch\u00fclerInnen, LehrerInnen und Eltern weiter<\/span><\/li>\n<li><span style=\"font-family: arial,helvetica,sans-serif;\">kann die Schule nach au\u00dfen \u00f6ffnen (f\u00fcr Veranstaltungen)<\/span><\/li>\n<li><span style=\"font-family: arial,helvetica,sans-serif;\">hat ein offenes Ohr f\u00fcr die Anliegen der Sch\u00fcler, Eltern und Lehrer<\/span><\/li>\n<li><span style=\"font-family: arial,helvetica,sans-serif;\">ist Vermittlerin zwischen Eltern, Lehrern und Sch\u00fclern<\/span><\/li>\n<\/ul>\n<p><span style=\"font-family: arial,helvetica,sans-serif;\"><strong>Die Lehrer:innen<\/strong><\/span><\/p>\n<ul>\n<li><span style=\"font-family: arial,helvetica,sans-serif;\">\u00fcben respektvollen Umgang mit allen Schulpartner:innen<\/span><\/li>\n<li><span style=\"font-family: arial,helvetica,sans-serif;\">arbeiten konstruktiv mit den Eltern zusammen<\/span><\/li>\n<li><span style=\"font-family: arial,helvetica,sans-serif;\">achten auf gut vorbereiteten Unterricht<\/span><\/li>\n<li><span style=\"font-family: arial,helvetica,sans-serif;\">arbeiten nach neuesten Unterrichtsmethoden,<\/span><\/li>\n<li><span style=\"font-family: arial,helvetica,sans-serif;\">setzen alle M\u00f6glichkeiten der neuen Medien passend ein<\/span><\/li>\n<li><span style=\"font-family: arial,helvetica,sans-serif;\">besuchen Fortbildungen, um auf dem neuesten Stand zu bleiben<\/span><\/li>\n<\/ul>\n<p><span style=\"font-family: arial,helvetica,sans-serif;\"><strong>Die Eltern<\/strong><\/span><\/p>\n<ul>\n<li><span style=\"font-family: arial,helvetica,sans-serif;\">sind f\u00fcr die Kinder Vorbilder<\/span><\/li>\n<li><span style=\"font-family: arial,helvetica,sans-serif;\">achten darauf, dass alle Arbeiten gr\u00fcndlich erledigt werden<\/span><\/li>\n<li><span style=\"font-family: arial,helvetica,sans-serif;\">gehen verantwortungsvoll mit Unterrichtsbefreiungen um<\/span><\/li>\n<li><span style=\"font-family: arial,helvetica,sans-serif;\">melden das Fernbleiben der Sch\u00fclerInnen am <strong>ersten<\/strong> Fehltag<\/span><\/li>\n<li><span style=\"font-family: arial,helvetica,sans-serif;\">wenden sich bei Fragen und Unklarheiten vertrauensvoll an die entsprechende Lehrkraft<\/span><\/li>\n<li><span style=\"font-family: arial,helvetica,sans-serif;\">\u00fcben respektvollen Umgang mit allen Schulpartner:innen<\/span><\/li>\n<li><span style=\"font-family: arial,helvetica,sans-serif;\">achten auf positive Stimmung der Schule gegen\u00fcber<\/span><\/li>\n<li><span style=\"font-family: arial,helvetica,sans-serif;\">statten ihre Kinder mit den erforderlichen Unterrichtsmitteln aus.<\/span><\/li>\n<li><span style=\"font-family: arial,helvetica,sans-serif;\">melden anzeigepflichtige Krankheiten (neue Grippe) sowie das ev. Auftreten von Parasiten (Kopfl\u00e4usen etc.) sofort in der Schule<\/span><\/li>\n<\/ul>\n<p><span style=\"font-family: arial,helvetica,sans-serif;\"><strong>Die Sch\u00fcler:innen<\/strong><\/span><\/p>\n<ul>\n<li><span style=\"font-family: arial,helvetica,sans-serif;\">verhalten sich der Hausordnung entsprechend,<\/span><\/li>\n<li><span style=\"font-family: arial,helvetica,sans-serif;\">gr\u00fc\u00dfen die Erwachsenen im Schulhaus, auch wenn diese nicht pers\u00f6nlich bekannt sind,<\/span><\/li>\n<li><span style=\"font-family: arial,helvetica,sans-serif;\">sind allen Partner:innen gegen\u00fcber hilfsbereit und r\u00fccksichtsvoll,<\/span><\/li>\n<li><span style=\"font-family: arial,helvetica,sans-serif;\">bringen ihre Haus\u00fcbungen und Vorbereitungen vollst\u00e4ndig und p\u00fcnktlich, nehmen&nbsp; alle Unterrichtsmaterialien mit und arbeiten im Unterricht flei\u00dfig mit. <\/span><\/li>\n<li><span style=\"font-family: arial,helvetica,sans-serif;\">erscheinen p\u00fcnktlich zum Unterricht und tragen dezente, passende Kleidung. <\/span><\/li>\n<li><span style=\"font-family: arial,helvetica,sans-serif;\">befolgen die Anweisungen aller Lehrer:innen<\/span><\/li>\n<li><span style=\"font-family: arial,helvetica,sans-serif;\">husten andere Kinder nicht an, waschen h\u00e4ufig ihre H\u00e4nde und spucken nicht aus. Dies ist der wichtigste Infektionsschutz. <\/span><\/li>\n<li><span style=\"font-family: arial,helvetica,sans-serif;\">melden in der Direktion, wenn ein\/e Lehrer:in nicht p\u00fcnktlich zum Unterricht (zur Gangaufsicht) erscheint<\/span><\/li>\n<li><span style=\"font-family: arial,helvetica,sans-serif;\">geben Gegenst\u00e4nde, die sie finden, bei der\/beim Schulwart:in ab<\/span><\/li>\n<li><span style=\"font-family: arial,helvetica,sans-serif;\">betreten erst ab 7.45 Uhr die Klassen, vorher warten sie im Erdgescho\u00df.<\/span><\/li>\n<li><span style=\"font-family: arial,helvetica,sans-serif;\">achten das Eigentum der Mitsch\u00fcler:innen und der Lehrer:innen, indem sie nichts entwenden oder zerst\u00f6ren. Mutwillig zerst\u00f6rte Sachen m\u00fcssen von den Eltern ersetzt werden. Diebst\u00e4hle werden zur Anzeige bei der Polizei gebracht<\/span><\/li>\n<\/ul>\n<p>&nbsp;<\/p>\n","protected":false},"excerpt":{"rendered":"","protected":false},"author":3,"featured_media":0,"parent":26556,"menu_order":3,"comment_status":"closed","ping_status":"closed","template":"","meta":{"ngg_post_thumbnail":0,"footnotes":""},"class_list":["post-141","page","type-page","status-publish","hentry"],"_links":{"self":[{"href":"https:\/\/www.mint2000.at\/Wordpress\/index.php\/wp-json\/wp\/v2\/pages\/141","targetHints":{"allow":["GET"]}}],"collection":[{"href":"https:\/\/www.mint2000.at\/Wordpress\/index.php\/wp-json\/wp\/v2\/pages"}],"about":[{"href":"https:\/\/www.mint2000.at\/Wordpress\/index.php\/wp-json\/wp\/v2\/types\/page"}],"author":[{"embeddable":true,"href":"https:\/\/www.mint2000.at\/Wordpress\/index.php\/wp-json\/wp\/v2\/users\/3"}],"replies":[{"embeddable":true,"href":"https:\/\/www.mint2000.at\/Wordpress\/index.php\/wp-json\/wp\/v2\/comments?post=141"}],"version-history":[{"count":2,"href":"https:\/\/www.mint2000.at\/Wordpress\/index.php\/wp-json\/wp\/v2\/pages\/141\/revisions"}],"predecessor-version":[{"id":35089,"href":"https:\/\/www.mint2000.at\/Wordpress\/index.php\/wp-json\/wp\/v2\/pages\/141\/revisions\/35089"}],"up":[{"embeddable":true,"href":"https:\/\/www.mint2000.at\/Wordpress\/index.php\/wp-json\/wp\/v2\/pages\/26556"}],"wp:attachment":[{"href":"https:\/\/www.mint2000.at\/Wordpress\/index.php\/wp-json\/wp\/v2\/media?parent=141"}],"curies":[{"name":"wp","href":"https:\/\/api.w.org\/{rel}","templated":true}]}}