{"id":209,"date":"2014-10-01T14:29:36","date_gmt":"2014-10-01T12:29:36","guid":{"rendered":"http:\/\/62.218.72.186\/wordpress\/?page_id=209"},"modified":"2025-10-04T17:37:37","modified_gmt":"2025-10-04T15:37:37","slug":"digiloges-lernen","status":"publish","type":"page","link":"https:\/\/www.mint2000.at\/Wordpress\/index.php\/medienkompetenz\/digiloges-lernen\/","title":{"rendered":"Digiloges Lernen"},"content":{"rendered":"\n<p><br>Der Umgang mit digitalen Medien wird bei uns nicht als gesonderter Bereich gesehen, sondern wir streben eine <strong>optimale Verbindung<\/strong> <span style=\"text-decoration: underline;\"><strong>analoger<\/strong><\/span> und <span style=\"text-decoration: underline;\"><strong>digitaler<\/strong><\/span> Ressourcen und Unterrichtsmittel an. Diese Vernetzung wird durch den Begriff <strong>Digiloges Lernen<\/strong> gepr\u00e4gt.<\/p>\n<p><img loading=\"lazy\" decoding=\"async\" class=\"wp-image-26499 aligncenter\" src=\"http:\/\/62.218.72.186\/wordpress\/wp-content\/uploads\/2020\/12\/digilog-300x222.jpg\" alt=\"\" width=\"274\" height=\"203\" srcset=\"https:\/\/www.mint2000.at\/Wordpress\/wp-content\/uploads\/2020\/12\/digilog-300x222.jpg 300w, https:\/\/www.mint2000.at\/Wordpress\/wp-content\/uploads\/2020\/12\/digilog-150x111.jpg 150w, https:\/\/www.mint2000.at\/Wordpress\/wp-content\/uploads\/2020\/12\/digilog-200x148.jpg 200w, https:\/\/www.mint2000.at\/Wordpress\/wp-content\/uploads\/2020\/12\/digilog-400x296.jpg 400w, https:\/\/www.mint2000.at\/Wordpress\/wp-content\/uploads\/2020\/12\/digilog.jpg 423w\" sizes=\"auto, (max-width: 274px) 100vw, 274px\" \/><\/p>\n<p><span style=\"text-decoration: underline;\">Qualit\u00e4tssicherung durch DIGILOGES LERNEN:<\/span><\/p>\n<ul>\n<li style=\"list-style-type: none;\">\n<ul>\n<li><strong>Umsetzen digitaler Unterrichtsszenarien<\/strong> mit Netbook- sowie Tablet-Klassen<\/li>\n<li>Verwendung der <strong>office365-Umgebung<\/strong> schon seit Jahren (MS Teams, One Note, Stream, &#8230;)<\/li>\n<li><strong>Langfristige Konzepte<\/strong> (Schwerpunktsetzung \u00fcber 4 Jahre)<\/li>\n<li><strong>Interaktives <\/strong>Arbeiten und <strong>Methodenvielfalt<\/strong><\/li>\n<li><strong>Eigenverantwortliches <\/strong>und <strong>individualisiertes<\/strong>&nbsp;Lernen<\/li>\n<li><strong>F\u00e4cher\u00fcbergreifendes<\/strong> Arbeiten und Lernen<br>realisierbar durch kleine Lehrer*innen-Kernteams in den Klassen<\/li>\n<li><strong>Differenzierter Unterricht <br><\/strong>individuelle F\u00f6rderung und Forderung<\/li>\n<li><strong>Neue Wege der Kreativit\u00e4t<br><\/strong>Simulationen, Forschen<\/li>\n<li><strong>Robotics<\/strong><br>Bauen von Robotern (Lego Mindstorms) und Programmieren mittels Apps<\/li>\n<li><strong>ECDL<\/strong>: <br>Europ\u00e4ischer Computerf\u00fchrerschein (Zertifikat f\u00fcr digitale Bildung)<\/li>\n<li>Positive <strong>Lernatmosph\u00e4re &#8211; Freude am Erfolg<br><\/strong>* Leistungsbereitschaft von Lehrer*innen und Sch\u00fcler*innen<br>* Steigerung der Lernbereitschaft<br>* Lehrer:innen als Lerncoaches<br>* F\u00f6rderung von St\u00e4rken und Talenten<br>* Freude am sozialen Miteinander<br>* Ankurbelung kreativer Prozesse<\/li>\n<\/ul>\n<\/li>\n<\/ul>\n<p><img loading=\"lazy\" decoding=\"async\" class=\"size-medium wp-image-28513 alignright\" src=\"http:\/\/62.218.72.186\/wordpress\/wp-content\/uploads\/2021\/10\/Bild2-300x300.png\" alt=\"\" width=\"300\" height=\"300\" srcset=\"https:\/\/www.mint2000.at\/Wordpress\/wp-content\/uploads\/2021\/10\/Bild2-300x300.png 300w, https:\/\/www.mint2000.at\/Wordpress\/wp-content\/uploads\/2021\/10\/Bild2-150x150.png 150w, https:\/\/www.mint2000.at\/Wordpress\/wp-content\/uploads\/2021\/10\/Bild2-400x400.png 400w, https:\/\/www.mint2000.at\/Wordpress\/wp-content\/uploads\/2021\/10\/Bild2.png 584w\" sizes=\"auto, (max-width: 300px) 100vw, 300px\" \/><\/p>\n<ul>\n<li style=\"list-style-type: none;\"><br><br><br><\/li>\n<\/ul>\n","protected":false},"excerpt":{"rendered":"<p>Der Umgang mit digitalen Medien wird bei uns nicht als gesonderter Bereich gesehen, sondern wir streben eine optimale Verbindung analoger und digitaler Ressourcen und Unterrichtsmittel an. Diese Vernetzung wird durch den Begriff Digiloges Lernen gepr\u00e4gt. Qualit\u00e4tssicherung durch DIGILOGES LERNEN: Umsetzen digitaler Unterrichtsszenarien mit Netbook- sowie Tablet-Klassen Verwendung der office365-Umgebung schon seit Jahren (MS Teams, One [&hellip;]<\/p>\n","protected":false},"author":47,"featured_media":0,"parent":26807,"menu_order":2,"comment_status":"closed","ping_status":"closed","template":"","meta":{"ngg_post_thumbnail":0,"footnotes":""},"class_list":["post-209","page","type-page","status-publish","hentry"],"_links":{"self":[{"href":"https:\/\/www.mint2000.at\/Wordpress\/index.php\/wp-json\/wp\/v2\/pages\/209","targetHints":{"allow":["GET"]}}],"collection":[{"href":"https:\/\/www.mint2000.at\/Wordpress\/index.php\/wp-json\/wp\/v2\/pages"}],"about":[{"href":"https:\/\/www.mint2000.at\/Wordpress\/index.php\/wp-json\/wp\/v2\/types\/page"}],"author":[{"embeddable":true,"href":"https:\/\/www.mint2000.at\/Wordpress\/index.php\/wp-json\/wp\/v2\/users\/47"}],"replies":[{"embeddable":true,"href":"https:\/\/www.mint2000.at\/Wordpress\/index.php\/wp-json\/wp\/v2\/comments?post=209"}],"version-history":[{"count":1,"href":"https:\/\/www.mint2000.at\/Wordpress\/index.php\/wp-json\/wp\/v2\/pages\/209\/revisions"}],"predecessor-version":[{"id":35092,"href":"https:\/\/www.mint2000.at\/Wordpress\/index.php\/wp-json\/wp\/v2\/pages\/209\/revisions\/35092"}],"up":[{"embeddable":true,"href":"https:\/\/www.mint2000.at\/Wordpress\/index.php\/wp-json\/wp\/v2\/pages\/26807"}],"wp:attachment":[{"href":"https:\/\/www.mint2000.at\/Wordpress\/index.php\/wp-json\/wp\/v2\/media?parent=209"}],"curies":[{"name":"wp","href":"https:\/\/api.w.org\/{rel}","templated":true}]}}