{"id":26487,"date":"2020-12-07T01:57:45","date_gmt":"2020-12-07T00:57:45","guid":{"rendered":"http:\/\/62.218.72.186\/wordpress\/?page_id=26487"},"modified":"2025-10-04T18:02:09","modified_gmt":"2025-10-04T16:02:09","slug":"efit-klassen","status":"publish","type":"page","link":"https:\/\/www.mint2000.at\/Wordpress\/index.php\/erfolge\/efit-klassen\/","title":{"rendered":"eFIT-Klassen"},"content":{"rendered":"\n<table style=\"border-collapse: collapse; width: 100%;\">\n<tbody>\n<tr>\n<td style=\"width: 36.7857%;\"><img loading=\"lazy\" decoding=\"async\" class=\"alignnone wp-image-28520 size-medium\" src=\"http:\/\/62.218.72.186\/wordpress\/wp-content\/uploads\/2021\/10\/Logo_eFit_ganz-300x195.png\" alt=\"\" width=\"300\" height=\"195\" srcset=\"https:\/\/www.mint2000.at\/Wordpress\/wp-content\/uploads\/2021\/10\/Logo_eFit_ganz-300x195.png 300w, https:\/\/www.mint2000.at\/Wordpress\/wp-content\/uploads\/2021\/10\/Logo_eFit_ganz-1024x666.png 1024w, https:\/\/www.mint2000.at\/Wordpress\/wp-content\/uploads\/2021\/10\/Logo_eFit_ganz-150x98.png 150w, https:\/\/www.mint2000.at\/Wordpress\/wp-content\/uploads\/2021\/10\/Logo_eFit_ganz-1536x999.png 1536w, https:\/\/www.mint2000.at\/Wordpress\/wp-content\/uploads\/2021\/10\/Logo_eFit_ganz-2048x1332.png 2048w, https:\/\/www.mint2000.at\/Wordpress\/wp-content\/uploads\/2021\/10\/Logo_eFit_ganz-200x130.png 200w, https:\/\/www.mint2000.at\/Wordpress\/wp-content\/uploads\/2021\/10\/Logo_eFit_ganz-400x260.png 400w\" sizes=\"auto, (max-width: 300px) 100vw, 300px\" \/><\/td>\n<td style=\"width: 63.2143%;\"><img loading=\"lazy\" decoding=\"async\" class=\"alignnone wp-image-28517\" src=\"http:\/\/62.218.72.186\/wordpress\/wp-content\/uploads\/2021\/10\/Bild6-300x300.png\" alt=\"\" width=\"200\" height=\"200\" srcset=\"https:\/\/www.mint2000.at\/Wordpress\/wp-content\/uploads\/2021\/10\/Bild6-300x300.png 300w, https:\/\/www.mint2000.at\/Wordpress\/wp-content\/uploads\/2021\/10\/Bild6-150x150.png 150w, https:\/\/www.mint2000.at\/Wordpress\/wp-content\/uploads\/2021\/10\/Bild6-400x400.png 400w, https:\/\/www.mint2000.at\/Wordpress\/wp-content\/uploads\/2021\/10\/Bild6.png 584w\" sizes=\"auto, (max-width: 200px) 100vw, 200px\" \/><\/td>\n<\/tr>\n<\/tbody>\n<\/table>\n<p><strong>DIGITAL FIT:<\/strong> <br>Wir arbeiten in allen Klassen und Schwerpunkten mit Tablets und verwenden dieselben Tools wie die MINT-Klassen.<\/p>\n<p>Ziele in den <strong>Fit &amp; Fair-<\/strong>Klassen unterst\u00fctzen wir dich durch spezielle F\u00f6rderung im<\/p>\n<ul>\n<li><strong>Sozialen Bereich,<\/strong> den Bereichen <strong>Sport und Gesundheit<\/strong>, sowie <strong>Kompetenzen<\/strong> f\u00fcr einen weiteren Lebensweg (Schule oder Beruf)\n<ul>\n<li>Gesundheit f\u00f6rdern<\/li>\n<li>Fairness in der Klasse<\/li>\n<li>Vielfalt durch Sport<\/li>\n<li>Schule verbindet<\/li>\n<\/ul>\n<\/li>\n<li><strong>Kooperation<\/strong> mit der Sozialfachschule Stockerau<\/li>\n<\/ul>\n<p><strong><span class=\"TextRun SCXW203265998 BCX8\" lang=\"DE-AT\" xml:lang=\"DE-AT\" data-contrast=\"auto\"><span class=\"NormalTextRun SCXW203265998 BCX8\">Unsere Klassen<\/span><span class=\"NormalTextRun SCXW203265998 BCX8\">&nbsp;<\/span><span class=\"NormalTextRun SCXW203265998 BCX8\">sind<\/span><span class=\"NormalTextRun SCXW203265998 BCX8\">&nbsp;nicht nur gesund, sondern&nbsp;<\/span><span class=\"NormalTextRun SCXW203265998 BCX8\">bieten&nbsp;<\/span><span class=\"NormalTextRun SCXW203265998 BCX8\">auch eine Plattform, um soziale Kontakte zu kn\u00fcpfen, Freundschaften zu schlie\u00dfen und sich als Gemeinschaft zu erleben. Bei \u201eFit und Fair\u201c steht der Teamgeist im Mittelpunkt \u2013 jeder ist willkommen!<\/span><\/span><span class=\"EOP SCXW203265998 BCX8\" data-ccp-props=\"{&quot;335559685&quot;:720}\">&nbsp;<\/span><\/strong><\/p>\n<p><span style=\"text-decoration: underline;\">UNSERE 4 ECKPFEILER:<\/span><\/p>\n<ul>\n<li><span style=\"color: #800080;\"><strong>FIT f\u00fcr einander<\/strong><\/span><br>Soziales &amp; Miteinander<br>Gemeinsam leben\/erleben<br>Kooperationen<br><br><\/li>\n<li><span style=\"color: #800080;\"><b>FIT f\u00fcr Sport<br><\/b><\/span>Teamaktivit\u00e4ten<br>Sportprojekte<br>Sportfest<\/li>\n<\/ul>\n<ul>\n<li><span style=\"color: #800080;\"><b>FIT f\u00fcr Ern\u00e4hrung<br><\/b><\/span>Gesunde Ern\u00e4hrung<br>Kochen: Projekte<br><br><\/li>\n<li><span style=\"color: #800080;\"><b style=\"color: #800080;\">FIT f\u00fcr die Zukunft<br><\/b>Berufspraktische Tage<br>Karrierefr\u00fchst\u00fcck<br>Projekte f\u00fcr Jugendliche<\/span><\/li>\n<\/ul>\n<p>In einer eFit-Klasse erwarten dich<br>Sportangebote &#8211; Veranstaltungen &#8211; Gemeinschaft:&nbsp;<br>Werde Teil einer starken und positiven Community, in der Fairness und Gesundheit an erster Stelle stehen!<\/p>\n<p>&nbsp;<\/p>\n<ol>\n<li>Klasse:<br><span style=\"color: #99cc00;\">* <strong>Fairness<\/strong> <span style=\"color: #000000;\">und&nbsp;<\/span> <strong>Respekt&nbsp;<\/strong><\/span><br>* Umgang mit Konflikten, <span style=\"color: #99cc00;\">Peer-Mediation<\/span><br>* <strong><span style=\"color: #99cc00;\">Verantwortung<\/span> <\/strong>und <strong><span style=\"color: #99cc00;\">Selbstbewusstsein<\/span> <\/strong>&#8211; Miteinander statt gegeneinander<\/li>\n<li>Klasse:<br>* <span style=\"color: #993366;\"><b>Bewegungsf\u00f6rderung <\/b><\/span>und <span style=\"color: #993366;\"><strong>Klassengemeinschaft<\/strong><\/span><br>* <span style=\"color: #993366;\"><b>Teambuilding <\/b><span style=\"color: #000000;\">und <\/span><b>Fairness&nbsp;<\/b><\/span><br>* <span style=\"color: #993366;\"><b>Sportartenvielfalt, <\/b><span style=\"color: #000000;\">Wettbewerbe<\/span><\/span><\/li>\n<li>Klasse<br>* <strong><span style=\"color: #99ccff;\">Ern\u00e4hrungsberatung<\/span><\/strong><br><strong><span style=\"color: #99ccff;\">* Pr\u00e4vention <\/span><\/strong>von Erkrankungen, Stressbew\u00e4ltigung<br>* <strong><span style=\"color: #99ccff;\">Erste Hilfe&nbsp;<\/span><\/strong><\/li>\n<li>Klasse<br>* <span style=\"color: #3366ff;\"><b>Zukunft <\/b><\/span>gmeinsam gestalten<br>* Kennenlernen <strong><span style=\"color: #3366ff;\">verschiedener Berufe<\/span><\/strong> und <strong><span style=\"color: #3366ff;\">weiterf\u00fchrender Schulen<\/span><\/strong><br>* <strong><span style=\"color: #3366ff;\">Berufspraktische Tagen, Partnerschulen<\/span><\/strong><\/li>\n<\/ol>\n","protected":false},"excerpt":{"rendered":"<p>DIGITAL FIT: Wir arbeiten in allen Klassen und Schwerpunkten mit Tablets und verwenden dieselben Tools wie die MINT-Klassen. Ziele in den Fit &amp; Fair-Klassen unterst\u00fctzen wir dich durch spezielle F\u00f6rderung im Sozialen Bereich, den Bereichen Sport und Gesundheit, sowie Kompetenzen f\u00fcr einen weiteren Lebensweg (Schule oder Beruf) Gesundheit f\u00f6rdern Fairness in der Klasse Vielfalt durch [&hellip;]<\/p>\n","protected":false},"author":47,"featured_media":0,"parent":119,"menu_order":2,"comment_status":"closed","ping_status":"closed","template":"","meta":{"ngg_post_thumbnail":0,"footnotes":""},"class_list":["post-26487","page","type-page","status-publish","hentry"],"_links":{"self":[{"href":"https:\/\/www.mint2000.at\/Wordpress\/index.php\/wp-json\/wp\/v2\/pages\/26487","targetHints":{"allow":["GET"]}}],"collection":[{"href":"https:\/\/www.mint2000.at\/Wordpress\/index.php\/wp-json\/wp\/v2\/pages"}],"about":[{"href":"https:\/\/www.mint2000.at\/Wordpress\/index.php\/wp-json\/wp\/v2\/types\/page"}],"author":[{"embeddable":true,"href":"https:\/\/www.mint2000.at\/Wordpress\/index.php\/wp-json\/wp\/v2\/users\/47"}],"replies":[{"embeddable":true,"href":"https:\/\/www.mint2000.at\/Wordpress\/index.php\/wp-json\/wp\/v2\/comments?post=26487"}],"version-history":[{"count":7,"href":"https:\/\/www.mint2000.at\/Wordpress\/index.php\/wp-json\/wp\/v2\/pages\/26487\/revisions"}],"predecessor-version":[{"id":43946,"href":"https:\/\/www.mint2000.at\/Wordpress\/index.php\/wp-json\/wp\/v2\/pages\/26487\/revisions\/43946"}],"up":[{"embeddable":true,"href":"https:\/\/www.mint2000.at\/Wordpress\/index.php\/wp-json\/wp\/v2\/pages\/119"}],"wp:attachment":[{"href":"https:\/\/www.mint2000.at\/Wordpress\/index.php\/wp-json\/wp\/v2\/media?parent=26487"}],"curies":[{"name":"wp","href":"https:\/\/api.w.org\/{rel}","templated":true}]}}