{"id":26494,"date":"2020-12-07T02:17:11","date_gmt":"2020-12-07T01:17:11","guid":{"rendered":"http:\/\/62.218.72.186\/wordpress\/?page_id=26494"},"modified":"2025-10-04T18:04:43","modified_gmt":"2025-10-04T16:04:43","slug":"epower-klassen","status":"publish","type":"page","link":"https:\/\/www.mint2000.at\/Wordpress\/index.php\/erfolge\/epower-klassen\/","title":{"rendered":"ePOWER-Klassen (bis SJ 25\/26)"},"content":{"rendered":"\n<p>&nbsp;<\/p>\n<table style=\"border-collapse: collapse; width: 100%;\">\n<tbody>\n<tr>\n<td style=\"width: 36.7857%;\"><img loading=\"lazy\" decoding=\"async\" class=\"wp-image-28524 size-medium alignleft\" src=\"http:\/\/62.218.72.186\/wordpress\/wp-content\/uploads\/2021\/10\/ePower_Logo_ganz-300x247.png\" alt=\"\" width=\"300\" height=\"247\" srcset=\"https:\/\/www.mint2000.at\/Wordpress\/wp-content\/uploads\/2021\/10\/ePower_Logo_ganz-300x247.png 300w, https:\/\/www.mint2000.at\/Wordpress\/wp-content\/uploads\/2021\/10\/ePower_Logo_ganz-1024x843.png 1024w, https:\/\/www.mint2000.at\/Wordpress\/wp-content\/uploads\/2021\/10\/ePower_Logo_ganz-150x124.png 150w, https:\/\/www.mint2000.at\/Wordpress\/wp-content\/uploads\/2021\/10\/ePower_Logo_ganz-1536x1265.png 1536w, https:\/\/www.mint2000.at\/Wordpress\/wp-content\/uploads\/2021\/10\/ePower_Logo_ganz-2048x1687.png 2048w, https:\/\/www.mint2000.at\/Wordpress\/wp-content\/uploads\/2021\/10\/ePower_Logo_ganz-182x150.png 182w, https:\/\/www.mint2000.at\/Wordpress\/wp-content\/uploads\/2021\/10\/ePower_Logo_ganz-400x329.png 400w\" sizes=\"auto, (max-width: 300px) 100vw, 300px\" \/><\/td>\n<td style=\"width: 63.2143%;\"><img loading=\"lazy\" decoding=\"async\" class=\"alignnone wp-image-28534\" src=\"http:\/\/62.218.72.186\/wordpress\/wp-content\/uploads\/2021\/10\/Bild8-1-300x300.png\" alt=\"\" width=\"200\" height=\"200\" srcset=\"https:\/\/www.mint2000.at\/Wordpress\/wp-content\/uploads\/2021\/10\/Bild8-1-300x300.png 300w, https:\/\/www.mint2000.at\/Wordpress\/wp-content\/uploads\/2021\/10\/Bild8-1-150x150.png 150w, https:\/\/www.mint2000.at\/Wordpress\/wp-content\/uploads\/2021\/10\/Bild8-1-400x400.png 400w, https:\/\/www.mint2000.at\/Wordpress\/wp-content\/uploads\/2021\/10\/Bild8-1.png 584w\" sizes=\"auto, (max-width: 200px) 100vw, 200px\" \/><\/td>\n<\/tr>\n<\/tbody>\n<\/table>\n<p>&nbsp;<\/p>\n<ul>\n<li><span style=\"color: #ff0000;\"><b>Multimedialer Kompetenzaufbau<br><\/b><span style=\"color: #000000;\">eTutoring und Coaching<br><br><\/span><\/span><\/li>\n<li><span style=\"color: #3366ff;\"><strong><span style=\"color: #ff0000;\">Freudvolles, praxisnahes Entdecken<\/span><br><\/strong><\/span><span style=\"color: #ff0000;\"><span style=\"color: #000000;\">f\u00e4cher\u00fcbergreifend forschen<\/span><\/span><br><br><\/li>\n<li><span style=\"color: #ff0000;\"><strong>KREATIVIT\u00c4T 4.0<\/strong><\/span> <br>Kreativit\u00e4t neu gedacht<br>Entwicklung k\u00fcnstlerischer Ideen (auch) mit Hilfe moderner Medien<br><br><\/li>\n<li><span style=\"color: #ff0000;\"><strong>ROBOTICS im Regelunterricht<\/strong><\/span><br>Denken lernen &#8211; Probleme l\u00f6sen<br>Bauen von Robotern und Programmieren mittels Apps&nbsp;&nbsp;<\/li>\n<\/ul>\n<p>&nbsp;<\/p>\n<p><img loading=\"lazy\" decoding=\"async\" class=\"alignnone wp-image-28529\" src=\"http:\/\/62.218.72.186\/wordpress\/wp-content\/uploads\/2021\/10\/power-sp-300x151.jpg\" alt=\"\" width=\"550\" height=\"276\" srcset=\"https:\/\/www.mint2000.at\/Wordpress\/wp-content\/uploads\/2021\/10\/power-sp-300x151.jpg 300w, https:\/\/www.mint2000.at\/Wordpress\/wp-content\/uploads\/2021\/10\/power-sp-1024x514.jpg 1024w, https:\/\/www.mint2000.at\/Wordpress\/wp-content\/uploads\/2021\/10\/power-sp-150x75.jpg 150w, https:\/\/www.mint2000.at\/Wordpress\/wp-content\/uploads\/2021\/10\/power-sp-1536x771.jpg 1536w, https:\/\/www.mint2000.at\/Wordpress\/wp-content\/uploads\/2021\/10\/power-sp-2048x1029.jpg 2048w, https:\/\/www.mint2000.at\/Wordpress\/wp-content\/uploads\/2021\/10\/power-sp-200x100.jpg 200w, https:\/\/www.mint2000.at\/Wordpress\/wp-content\/uploads\/2021\/10\/power-sp-400x201.jpg 400w\" sizes=\"auto, (max-width: 550px) 100vw, 550px\" \/><\/p>\n<ol>\n<li>Klasse:<br>* <span style=\"color: #0000ff;\"><strong>TeamPowerTage<\/strong><\/span> &#8211; von Anfang an gemeinsam<br>*<strong> <span style=\"color: #0000ff;\">ICH und die GEMEINSCHAFT<\/span><\/strong> &#8211; Digitales Kompetenzportfolio<br>* <strong><span style=\"color: #0000ff;\">eBuddy<\/span><\/strong> &#8211; Erlerntes weitergeben<\/li>\n<li>Klasse:<br>* <b><span style=\"color: #00ccff;\">SoundCheck<\/span>&nbsp;<\/b>&#8211; Musik verstehen-Musik produzieren<br>* <span style=\"color: #00ccff;\"><strong>My Music Power<\/strong><\/span> &#8211; Pers\u00f6nlichkeit-Musik-Bewegung<br>* <span style=\"color: #00ccff;\">Be active<\/span>&#8211; (m)eine Musik digilog gestalten<\/li>\n<li>Klasse<br>* Meine Sprache &#8211; <strong><span style=\"color: #ff0000;\">meine Power<\/span><\/strong> &#8211; meine Ausdruckskraft<br><strong>* <\/strong>Das <span style=\"color: #ff0000;\"><strong>SPIEL<\/strong><\/span> mit der Sprache<br>* eSprache<strong><span style=\"color: #ff0000;\"> ist Programm &#8211; kreativ programmieren 4Beginners<\/span><\/strong><\/li>\n<li><span style=\"color: #000000;\">Kla<\/span>sse<br>* <span style=\"color: #99cc00;\"><strong>DIY<\/strong><\/span> &#8211; es gibt immer was zu tun!<br>* <span style=\"color: #99cc00;\"><strong>Technik trifft Design<\/strong><\/span><br>* <strong><span style=\"color: #99cc00;\">Power Skills4 my Future<\/span><\/strong><\/li>\n<\/ol>\n<p style=\"text-align: left;\">&nbsp;<\/p>\n","protected":false},"excerpt":{"rendered":"<p>&nbsp; &nbsp; Multimedialer KompetenzaufbaueTutoring und Coaching Freudvolles, praxisnahes Entdeckenf\u00e4cher\u00fcbergreifend forschen KREATIVIT\u00c4T 4.0 Kreativit\u00e4t neu gedachtEntwicklung k\u00fcnstlerischer Ideen (auch) mit Hilfe moderner Medien ROBOTICS im RegelunterrichtDenken lernen &#8211; Probleme l\u00f6senBauen von Robotern und Programmieren mittels Apps&nbsp;&nbsp; &nbsp; Klasse:* TeamPowerTage &#8211; von Anfang an gemeinsam* ICH und die GEMEINSCHAFT &#8211; Digitales Kompetenzportfolio* eBuddy &#8211; Erlerntes weitergeben Klasse:* [&hellip;]<\/p>\n","protected":false},"author":47,"featured_media":0,"parent":119,"menu_order":3,"comment_status":"closed","ping_status":"closed","template":"","meta":{"ngg_post_thumbnail":0,"footnotes":""},"class_list":["post-26494","page","type-page","status-publish","hentry"],"_links":{"self":[{"href":"https:\/\/www.mint2000.at\/Wordpress\/index.php\/wp-json\/wp\/v2\/pages\/26494","targetHints":{"allow":["GET"]}}],"collection":[{"href":"https:\/\/www.mint2000.at\/Wordpress\/index.php\/wp-json\/wp\/v2\/pages"}],"about":[{"href":"https:\/\/www.mint2000.at\/Wordpress\/index.php\/wp-json\/wp\/v2\/types\/page"}],"author":[{"embeddable":true,"href":"https:\/\/www.mint2000.at\/Wordpress\/index.php\/wp-json\/wp\/v2\/users\/47"}],"replies":[{"embeddable":true,"href":"https:\/\/www.mint2000.at\/Wordpress\/index.php\/wp-json\/wp\/v2\/comments?post=26494"}],"version-history":[{"count":3,"href":"https:\/\/www.mint2000.at\/Wordpress\/index.php\/wp-json\/wp\/v2\/pages\/26494\/revisions"}],"predecessor-version":[{"id":43948,"href":"https:\/\/www.mint2000.at\/Wordpress\/index.php\/wp-json\/wp\/v2\/pages\/26494\/revisions\/43948"}],"up":[{"embeddable":true,"href":"https:\/\/www.mint2000.at\/Wordpress\/index.php\/wp-json\/wp\/v2\/pages\/119"}],"wp:attachment":[{"href":"https:\/\/www.mint2000.at\/Wordpress\/index.php\/wp-json\/wp\/v2\/media?parent=26494"}],"curies":[{"name":"wp","href":"https:\/\/api.w.org\/{rel}","templated":true}]}}