{"id":26521,"date":"2020-12-08T00:27:50","date_gmt":"2020-12-07T23:27:50","guid":{"rendered":"http:\/\/62.218.72.186\/wordpress\/?page_id=26521"},"modified":"2025-10-04T17:42:15","modified_gmt":"2025-10-04T15:42:15","slug":"microsoft-showcase-school","status":"publish","type":"page","link":"https:\/\/www.mint2000.at\/Wordpress\/index.php\/medienkompetenz\/microsoft-showcase-school\/","title":{"rendered":"Microsoft Showcase School"},"content":{"rendered":"\n<p><strong>Was bedeutet es, eine MICROSOFT SHOWCASE SCHOOL zu sein:<br><\/strong><\/p>\n<p>Eine Microsoft Showcase Schule steht f\u00fcr moderne Lernszenarien, arbeitet mit Office 365 und setzt digitale 1:1-Projekte um. Erf\u00fcllt eine Schule diese Kriterien, unterst\u00fctzt Microsoft folgenderma\u00dfen:<\/p>\n<ul>\n<li>Administrative Starthilfe f\u00fcr die Implementierung von Microsoft-Diensten wie Office 365<\/li>\n<li>Verschiedene Webinare f\u00fcr fortlaufende Administrations-Unterst\u00fctzung<\/li>\n<li>Beratung beim Thema Device-Management wie Pr\u00fcfungsszenarien oder Verwaltung von Tablet-Klassen<\/li>\n<li>Individueller Trainingstag rund um das Thema neue Medien im Unterricht<\/li>\n<li>Ideen- und Erfahrungsaustausch mit Showcase Schools und Bildungsexperten weltweit<\/li>\n<li>M\u00f6glichkeit zur Pr\u00e4sentation der Schule und Referenzprojekten<\/li>\n<li>M\u00f6glichkeit zur Teilnahme an der weltgr\u00f6\u00dften Messe f\u00fcr Bildungstechnologien, der BETT Show<\/li>\n<\/ul>\n<p><strong><img loading=\"lazy\" decoding=\"async\" class=\"alignnone  wp-image-25010\" src=\"http:\/\/62.218.72.186\/wordpress\/wp-content\/uploads\/2019\/11\/Showcaseschool.png\" sizes=\"auto, (max-width: 567px) 100vw, 567px\" srcset=\"http:\/\/62.218.72.186\/wordpress\/wp-content\/uploads\/2019\/11\/Showcaseschool.png 673w, http:\/\/62.218.72.186\/wordpress\/wp-content\/uploads\/2019\/11\/Showcaseschool-150x33.png 150w, http:\/\/62.218.72.186\/wordpress\/wp-content\/uploads\/2019\/11\/Showcaseschool-300x66.png 300w, http:\/\/62.218.72.186\/wordpress\/wp-content\/uploads\/2019\/11\/Showcaseschool-200x44.png 200w, http:\/\/62.218.72.186\/wordpress\/wp-content\/uploads\/2019\/11\/Showcaseschool-400x88.png 400w\" alt=\"\" width=\"567\" height=\"125\"><\/strong><\/p>\n<p><span style=\"color: #3366ff;\"><em>&#8220;Microsoft hat Ihre Institution als Vorzeige-Schule anerkannt. Microsoft Showcase Schools sind eine Elitegruppe von Schulen, die das Beste aus dem Lehren und Lernen der Welt heute vorleben. Nur wenige Institutionen weltweit erhalten diese Auszeichnung, und Sie k\u00f6nnen stolz darauf sein, dass Microsoft Ihre Ideen und Bem\u00fchungen f\u00fcr die Zukunft der Bildung anerkennt.<\/em><span id=\"more-25008\"><\/span><\/span><\/p>\n<p><span style=\"color: #3366ff;\"><em>Microsoft Showcase Schools sind die Vision\u00e4re im Bildungsbereich. Sie sind Teil einer exklusiven globalen Gemeinschaft, die Visionen und Innovation in den Bereichen Lehren, Lernen und Bewerten, computergest\u00fctztes und kritisches Denken, Kreativit\u00e4t und Zusammenarbeit sowie die Lernbereitschaft bei Sch\u00fclertInnen und LehrerInnn f\u00f6rdern.&#8221;<\/em><\/span><\/p>\n","protected":false},"excerpt":{"rendered":"<p>Was bedeutet es, eine MICROSOFT SHOWCASE SCHOOL zu sein: Eine Microsoft Showcase Schule steht f\u00fcr moderne Lernszenarien, arbeitet mit Office 365 und setzt digitale 1:1-Projekte um. Erf\u00fcllt eine Schule diese Kriterien, unterst\u00fctzt Microsoft folgenderma\u00dfen: Administrative Starthilfe f\u00fcr die Implementierung von Microsoft-Diensten wie Office 365 Verschiedene Webinare f\u00fcr fortlaufende Administrations-Unterst\u00fctzung Beratung beim Thema Device-Management wie Pr\u00fcfungsszenarien [&hellip;]<\/p>\n","protected":false},"author":47,"featured_media":0,"parent":26807,"menu_order":5,"comment_status":"closed","ping_status":"closed","template":"","meta":{"ngg_post_thumbnail":0,"footnotes":""},"class_list":["post-26521","page","type-page","status-publish","hentry"],"_links":{"self":[{"href":"https:\/\/www.mint2000.at\/Wordpress\/index.php\/wp-json\/wp\/v2\/pages\/26521","targetHints":{"allow":["GET"]}}],"collection":[{"href":"https:\/\/www.mint2000.at\/Wordpress\/index.php\/wp-json\/wp\/v2\/pages"}],"about":[{"href":"https:\/\/www.mint2000.at\/Wordpress\/index.php\/wp-json\/wp\/v2\/types\/page"}],"author":[{"embeddable":true,"href":"https:\/\/www.mint2000.at\/Wordpress\/index.php\/wp-json\/wp\/v2\/users\/47"}],"replies":[{"embeddable":true,"href":"https:\/\/www.mint2000.at\/Wordpress\/index.php\/wp-json\/wp\/v2\/comments?post=26521"}],"version-history":[{"count":1,"href":"https:\/\/www.mint2000.at\/Wordpress\/index.php\/wp-json\/wp\/v2\/pages\/26521\/revisions"}],"predecessor-version":[{"id":43933,"href":"https:\/\/www.mint2000.at\/Wordpress\/index.php\/wp-json\/wp\/v2\/pages\/26521\/revisions\/43933"}],"up":[{"embeddable":true,"href":"https:\/\/www.mint2000.at\/Wordpress\/index.php\/wp-json\/wp\/v2\/pages\/26807"}],"wp:attachment":[{"href":"https:\/\/www.mint2000.at\/Wordpress\/index.php\/wp-json\/wp\/v2\/media?parent=26521"}],"curies":[{"name":"wp","href":"https:\/\/api.w.org\/{rel}","templated":true}]}}