{"id":26537,"date":"2020-12-08T22:57:18","date_gmt":"2020-12-08T21:57:18","guid":{"rendered":"http:\/\/62.218.72.186\/wordpress\/?page_id=26537"},"modified":"2023-05-26T17:45:00","modified_gmt":"2023-05-26T15:45:00","slug":"oead-best-practice-school","status":"publish","type":"page","link":"https:\/\/www.mint2000.at\/Wordpress\/index.php\/medienkompetenz\/weitere-auszeichnungen\/oead-best-practice-school\/","title":{"rendered":"OeAD &#8211; Best Practice School"},"content":{"rendered":"Auf der Seite <a href=\"https:\/\/digitaleslernen.oead.at\/de\/best-practice\/\" target=\"_blank\" rel=\"noopener noreferrer\">Digitales Lernen (oead.at)<\/a> wird die Informatik Mittelschule Stockerau als BEST PRACTICE SCHOOL gelistet.\n<h4><span style=\"text-decoration: underline;\">Hintergrundinformation OeAD &#8211; Digitales Lernen:<\/span><\/h4>\n<em>Der OeAD unterst\u00fctzt als Agentur des BMBWF die Initiative der \u00f6sterreichischen Bundesregierung \u201eDigitales Lernen\u201c. Diese Initiative ist Teil des 8-Punkte-Plans f\u00fcr den digitalen Unterricht und hat es sich zum Ziel gesetzt, ab dem Schuljahr 2021\/22 die 5. und einmalig auch die 6. Schulstufen mit digitalen Endger\u00e4ten auszustatten. Zweck der Initiative ist es, die p\u00e4dagogischen und technischen Voraussetzungen f\u00fcr einen IT-gest\u00fctzten Unterricht zu schaffen und Sch\u00fcler:innen zu gleichen Rahmenbedingungen den Zugang zu digitaler Bildung zu erm\u00f6glichen.<\/em>\n\n<!-- \/wp:post-content -->\n\n<!-- wp:tadv\/classic-paragraph \/-->\n\n<!-- wp:tadv\/classic-paragraph \/-->","protected":false},"excerpt":{"rendered":"<p>Auf der Seite Digitales Lernen (oead.at) wird die Informatik Mittelschule Stockerau als BEST PRACTICE SCHOOL gelistet. Hintergrundinformation OeAD &#8211; Digitales Lernen: Der OeAD unterst\u00fctzt als Agentur des BMBWF die Initiative der \u00f6sterreichischen Bundesregierung \u201eDigitales Lernen\u201c. Diese Initiative ist Teil des 8-Punkte-Plans f\u00fcr den digitalen Unterricht und hat es sich zum Ziel gesetzt, ab dem Schuljahr [&hellip;]<\/p>\n","protected":false},"author":47,"featured_media":0,"parent":26523,"menu_order":3,"comment_status":"closed","ping_status":"closed","template":"","meta":{"ngg_post_thumbnail":0,"footnotes":""},"class_list":["post-26537","page","type-page","status-publish","hentry"],"_links":{"self":[{"href":"https:\/\/www.mint2000.at\/Wordpress\/index.php\/wp-json\/wp\/v2\/pages\/26537","targetHints":{"allow":["GET"]}}],"collection":[{"href":"https:\/\/www.mint2000.at\/Wordpress\/index.php\/wp-json\/wp\/v2\/pages"}],"about":[{"href":"https:\/\/www.mint2000.at\/Wordpress\/index.php\/wp-json\/wp\/v2\/types\/page"}],"author":[{"embeddable":true,"href":"https:\/\/www.mint2000.at\/Wordpress\/index.php\/wp-json\/wp\/v2\/users\/47"}],"replies":[{"embeddable":true,"href":"https:\/\/www.mint2000.at\/Wordpress\/index.php\/wp-json\/wp\/v2\/comments?post=26537"}],"version-history":[{"count":1,"href":"https:\/\/www.mint2000.at\/Wordpress\/index.php\/wp-json\/wp\/v2\/pages\/26537\/revisions"}],"predecessor-version":[{"id":35097,"href":"https:\/\/www.mint2000.at\/Wordpress\/index.php\/wp-json\/wp\/v2\/pages\/26537\/revisions\/35097"}],"up":[{"embeddable":true,"href":"https:\/\/www.mint2000.at\/Wordpress\/index.php\/wp-json\/wp\/v2\/pages\/26523"}],"wp:attachment":[{"href":"https:\/\/www.mint2000.at\/Wordpress\/index.php\/wp-json\/wp\/v2\/media?parent=26537"}],"curies":[{"name":"wp","href":"https:\/\/api.w.org\/{rel}","templated":true}]}}