{"id":26543,"date":"2020-12-08T23:18:58","date_gmt":"2020-12-08T22:18:58","guid":{"rendered":"http:\/\/62.218.72.186\/wordpress\/?page_id=26543"},"modified":"2020-12-08T23:21:35","modified_gmt":"2020-12-08T22:21:35","slug":"26543-2","status":"publish","type":"page","link":"https:\/\/www.mint2000.at\/Wordpress\/index.php\/medienkompetenz\/weitere-auszeichnungen\/26543-2\/","title":{"rendered":"Microsoft Modern Classroom"},"content":{"rendered":"\n<p><br>Auf der Seite <a href=\"https:\/\/www.microsoft.com\/de-at\/education\/dasneuelernen\/news-poc\">Die Microsoft Modern Classroom Solution im Praxistest | Microsoft Bildung<\/a> wird &nbsp;die Studie dokumentiert, bei der die Informatik Mittelschule Stockerau als eine von drei Projektpartnerin teilgenommen und ausgezeichnet wurde.<\/p>\n<p><span style=\"text-decoration: underline;\">Tester:<\/span><\/p>\n<ul>\n<li>Ministerium f\u00fcr Bildung, Wissenschaft und Forschung (BMBWF)&nbsp;<\/li>\n<li>eEducation<\/li>\n<li>parallel dazu: Wirksamkeitsstudie von der PH Steiermark und PH Nieder\u00f6sterreich<\/li>\n<\/ul>\n<p><span style=\"text-decoration: underline;\">Testgegenstand:<\/span><\/p>\n<ul>\n<li>Microsoft Modern Classroom L\u00f6sung<\/li>\n<\/ul>\n<p><span style=\"text-decoration: underline;\">Testergebnis:<\/span><\/p>\n<ul>\n<li>Einsatz der L\u00f6sung im Rahmen eines ganzheitlichen Umsetzungskonzeptes f\u00f6rdert die Kommunikations- und Kollaborationsf\u00e4higkeit der Sch\u00fclerInnen<\/li>\n<li>Einsatz von pers\u00f6nlichen, digitalen Lernger\u00e4ten wird als ein Gewinn f\u00fcr die Sch\u00fclerInnen wahrgenommen<\/li>\n<li>Gesteigerte Lernfreude<\/li>\n<li>Steigerung der Bereitschaft zur Probleml\u00f6sung im Team durch den Einsatz digitaler Ger\u00e4te&nbsp;<\/li>\n<\/ul>\n<p>&nbsp;<\/p>\n","protected":false},"excerpt":{"rendered":"<p>Auf der Seite Die Microsoft Modern Classroom Solution im Praxistest | Microsoft Bildung wird &nbsp;die Studie dokumentiert, bei der die Informatik Mittelschule Stockerau als eine von drei Projektpartnerin teilgenommen und ausgezeichnet wurde. Tester: Ministerium f\u00fcr Bildung, Wissenschaft und Forschung (BMBWF)&nbsp; eEducation parallel dazu: Wirksamkeitsstudie von der PH Steiermark und PH Nieder\u00f6sterreich Testgegenstand: Microsoft Modern Classroom [&hellip;]<\/p>\n","protected":false},"author":47,"featured_media":0,"parent":26523,"menu_order":3,"comment_status":"closed","ping_status":"closed","template":"","meta":{"ngg_post_thumbnail":0,"footnotes":""},"class_list":["post-26543","page","type-page","status-publish","hentry"],"_links":{"self":[{"href":"https:\/\/www.mint2000.at\/Wordpress\/index.php\/wp-json\/wp\/v2\/pages\/26543","targetHints":{"allow":["GET"]}}],"collection":[{"href":"https:\/\/www.mint2000.at\/Wordpress\/index.php\/wp-json\/wp\/v2\/pages"}],"about":[{"href":"https:\/\/www.mint2000.at\/Wordpress\/index.php\/wp-json\/wp\/v2\/types\/page"}],"author":[{"embeddable":true,"href":"https:\/\/www.mint2000.at\/Wordpress\/index.php\/wp-json\/wp\/v2\/users\/47"}],"replies":[{"embeddable":true,"href":"https:\/\/www.mint2000.at\/Wordpress\/index.php\/wp-json\/wp\/v2\/comments?post=26543"}],"version-history":[{"count":0,"href":"https:\/\/www.mint2000.at\/Wordpress\/index.php\/wp-json\/wp\/v2\/pages\/26543\/revisions"}],"up":[{"embeddable":true,"href":"https:\/\/www.mint2000.at\/Wordpress\/index.php\/wp-json\/wp\/v2\/pages\/26523"}],"wp:attachment":[{"href":"https:\/\/www.mint2000.at\/Wordpress\/index.php\/wp-json\/wp\/v2\/media?parent=26543"}],"curies":[{"name":"wp","href":"https:\/\/api.w.org\/{rel}","templated":true}]}}