{"id":26559,"date":"2020-12-09T00:12:18","date_gmt":"2020-12-08T23:12:18","guid":{"rendered":"http:\/\/62.218.72.186\/wordpress\/?page_id=26559"},"modified":"2025-01-05T13:54:04","modified_gmt":"2025-01-05T12:54:04","slug":"unser-leitbild","status":"publish","type":"page","link":"https:\/\/www.mint2000.at\/Wordpress\/index.php\/schulprofil\/unser-leitbild\/","title":{"rendered":"Unser Leitbild"},"content":{"rendered":"\n<p>&nbsp;<\/p>\n<p align=\"center\"><span style=\"color: #3366ff;\"><strong>Wir stellen&nbsp;DICH&nbsp;als Mensch<br>mit all deinen Anlagen, F\u00e4higkeiten, Interessen und Begabungen in den<br><\/strong><strong>Mittelpunkt.<\/strong><\/span><\/p>\n<p align=\"center\"><span style=\"color: #3366ff;\"><strong>Wir wollen dich in einem positiven Schulklima f\u00f6rdern!<br>Wir legen Wert auf deine Kreativit\u00e4t, auf deine Leistungsbereitschaft<br>und auf deine Selbstt\u00e4tigkeit.<\/strong><\/span><\/p>\n<p style=\"text-align: left;\" align=\"center\"><strong>M\u00f6chtest du<\/strong> ComputertechnikerIn, Kinderg\u00e4rtnerIn, FloristIn, BuchhalterIn, LehrerIn, MechanikerIn, BiologIn, Koch oder K\u00f6chin, KellnerIn, UhrmacherIn, OptikerIn, WellnesstrainerIn, MasseurIn oder \u2026 werden?<br><strong>Oder m\u00f6chtest du<\/strong> eine weiterf\u00fchrende Schule besuchen?<\/p>\n<p style=\"text-align: left;\" align=\"center\">Bei uns, in der Informatik-Mittelschule Stockerau, bist du immer richtig!<\/p>\n<p align=\"center\"><img loading=\"lazy\" decoding=\"async\" class=\"alignnone wp-image-28650\" src=\"http:\/\/62.218.72.186\/wordpress\/wp-content\/uploads\/2021\/10\/leitbildhaus-300x216.png\" alt=\"\" width=\"400\" height=\"288\" srcset=\"https:\/\/www.mint2000.at\/Wordpress\/wp-content\/uploads\/2021\/10\/leitbildhaus-300x216.png 300w, https:\/\/www.mint2000.at\/Wordpress\/wp-content\/uploads\/2021\/10\/leitbildhaus-150x108.png 150w, https:\/\/www.mint2000.at\/Wordpress\/wp-content\/uploads\/2021\/10\/leitbildhaus-200x144.png 200w, https:\/\/www.mint2000.at\/Wordpress\/wp-content\/uploads\/2021\/10\/leitbildhaus-400x288.png 400w, https:\/\/www.mint2000.at\/Wordpress\/wp-content\/uploads\/2021\/10\/leitbildhaus.png 1023w\" sizes=\"auto, (max-width: 400px) 100vw, 400px\" \/><\/p>\n<p><strong>Wir vermitteln DIR:<\/strong><\/p>\n<ul>\n<li style=\"text-align: left;\">solides Wissen als Grundlage f\u00fcr lebenslanges Lernen<\/li>\n<li style=\"text-align: left;\">Soziale Kompetenz<\/li>\n<li style=\"text-align: left;\">Freude am Lernen<\/li>\n<li style=\"text-align: left;\">Geborgenheit, Zuversicht und Selbstvertrauen&nbsp;&nbsp;<\/li>\n<\/ul>\n<p align=\"center\">&nbsp;<\/p>\n<p style=\"text-align: left;\" align=\"center\"><strong>Wir bieten DIR:<\/strong><\/p>\n<ul>\n<li style=\"text-align: left;\">pers\u00f6nliche Atmosph\u00e4re in einem wohnlichen Umfeld<\/li>\n<li style=\"text-align: left;\">modernste Ausstattung der Schule<\/li>\n<li style=\"text-align: left;\">eigene Stammklassen (keine Wanderklassen!)<\/li>\n<li style=\"text-align: left;\">niedrige Sch\u00fclerzahlen (Klassen und Lerngruppen)<\/li>\n<li style=\"text-align: left;\">Unterst\u00fctzung bei Lernproblemen<\/li>\n<li style=\"text-align: left;\">Unterschiedliche Unverbindliche \u00dcbungen zur Wahl<\/li>\n<li style=\"text-align: left;\">Berufsorientierung<\/li>\n<li style=\"text-align: left;\">&nbsp;Informatik-Schwerpunkt mit ECDL (Computerf\u00fchrerschein)<\/li>\n<li style=\"text-align: left;\">Projekt-, Sommer- und Wintersportwochen<\/li>\n<li style=\"text-align: left;\">Englischprojekt mit Native Speakers&nbsp;<\/li>\n<li style=\"text-align: left;\">Zeitgem\u00e4\u00dfen Unterricht durch Stundenblockungen, Workshops, Projektorientierung, &#8230;<\/li>\n<\/ul>\n<p style=\"text-align: left;\" align=\"center\"><span style=\"color: #3366ff;\"><strong>Wir arbeiten gemeinsam f\u00fcr deinen beruflichen Erfolg \u2013<br>deine Zukunft beginnt bei uns!<\/strong><\/span><\/p>\n<p align=\"center\"><span style=\"color: #3366ff;\"><strong><img loading=\"lazy\" decoding=\"async\" class=\"alignnone wp-image-28652\" src=\"http:\/\/62.218.72.186\/wordpress\/wp-content\/uploads\/2021\/10\/Leitbild-300x300.png\" alt=\"\" width=\"400\" height=\"400\" srcset=\"https:\/\/www.mint2000.at\/Wordpress\/wp-content\/uploads\/2021\/10\/Leitbild-300x300.png 300w, https:\/\/www.mint2000.at\/Wordpress\/wp-content\/uploads\/2021\/10\/Leitbild-150x150.png 150w, https:\/\/www.mint2000.at\/Wordpress\/wp-content\/uploads\/2021\/10\/Leitbild-400x400.png 400w, https:\/\/www.mint2000.at\/Wordpress\/wp-content\/uploads\/2021\/10\/Leitbild.png 886w\" sizes=\"auto, (max-width: 400px) 100vw, 400px\" \/><\/strong><\/span><\/p>\n<p align=\"center\"><img loading=\"lazy\" decoding=\"async\" class=\"aligncenter  wp-image-42029\" src=\"https:\/\/www.mint2000.at\/Wordpress\/wp-content\/uploads\/2025\/01\/4.png\" alt=\"\" width=\"416\" height=\"416\" srcset=\"https:\/\/www.mint2000.at\/Wordpress\/wp-content\/uploads\/2025\/01\/4.png 885w, https:\/\/www.mint2000.at\/Wordpress\/wp-content\/uploads\/2025\/01\/4-300x300.png 300w, https:\/\/www.mint2000.at\/Wordpress\/wp-content\/uploads\/2025\/01\/4-150x150.png 150w, https:\/\/www.mint2000.at\/Wordpress\/wp-content\/uploads\/2025\/01\/4-400x400.png 400w\" sizes=\"auto, (max-width: 416px) 100vw, 416px\" \/> <img loading=\"lazy\" decoding=\"async\" class=\"aligncenter  wp-image-42028\" src=\"https:\/\/www.mint2000.at\/Wordpress\/wp-content\/uploads\/2025\/01\/3.png\" alt=\"\" width=\"434\" height=\"434\" srcset=\"https:\/\/www.mint2000.at\/Wordpress\/wp-content\/uploads\/2025\/01\/3.png 885w, https:\/\/www.mint2000.at\/Wordpress\/wp-content\/uploads\/2025\/01\/3-300x300.png 300w, https:\/\/www.mint2000.at\/Wordpress\/wp-content\/uploads\/2025\/01\/3-150x150.png 150w, https:\/\/www.mint2000.at\/Wordpress\/wp-content\/uploads\/2025\/01\/3-400x400.png 400w\" sizes=\"auto, (max-width: 434px) 100vw, 434px\" \/><\/p>\n","protected":false},"excerpt":{"rendered":"<p>&nbsp; Wir stellen&nbsp;DICH&nbsp;als Menschmit all deinen Anlagen, F\u00e4higkeiten, Interessen und Begabungen in denMittelpunkt. Wir wollen dich in einem positiven Schulklima f\u00f6rdern!Wir legen Wert auf deine Kreativit\u00e4t, auf deine Leistungsbereitschaftund auf deine Selbstt\u00e4tigkeit. M\u00f6chtest du ComputertechnikerIn, Kinderg\u00e4rtnerIn, FloristIn, BuchhalterIn, LehrerIn, MechanikerIn, BiologIn, Koch oder K\u00f6chin, KellnerIn, UhrmacherIn, OptikerIn, WellnesstrainerIn, MasseurIn oder \u2026 werden?Oder m\u00f6chtest du eine [&hellip;]<\/p>\n","protected":false},"author":47,"featured_media":0,"parent":26556,"menu_order":2,"comment_status":"closed","ping_status":"closed","template":"","meta":{"ngg_post_thumbnail":0,"footnotes":""},"class_list":["post-26559","page","type-page","status-publish","hentry"],"_links":{"self":[{"href":"https:\/\/www.mint2000.at\/Wordpress\/index.php\/wp-json\/wp\/v2\/pages\/26559","targetHints":{"allow":["GET"]}}],"collection":[{"href":"https:\/\/www.mint2000.at\/Wordpress\/index.php\/wp-json\/wp\/v2\/pages"}],"about":[{"href":"https:\/\/www.mint2000.at\/Wordpress\/index.php\/wp-json\/wp\/v2\/types\/page"}],"author":[{"embeddable":true,"href":"https:\/\/www.mint2000.at\/Wordpress\/index.php\/wp-json\/wp\/v2\/users\/47"}],"replies":[{"embeddable":true,"href":"https:\/\/www.mint2000.at\/Wordpress\/index.php\/wp-json\/wp\/v2\/comments?post=26559"}],"version-history":[{"count":2,"href":"https:\/\/www.mint2000.at\/Wordpress\/index.php\/wp-json\/wp\/v2\/pages\/26559\/revisions"}],"predecessor-version":[{"id":42031,"href":"https:\/\/www.mint2000.at\/Wordpress\/index.php\/wp-json\/wp\/v2\/pages\/26559\/revisions\/42031"}],"up":[{"embeddable":true,"href":"https:\/\/www.mint2000.at\/Wordpress\/index.php\/wp-json\/wp\/v2\/pages\/26556"}],"wp:attachment":[{"href":"https:\/\/www.mint2000.at\/Wordpress\/index.php\/wp-json\/wp\/v2\/media?parent=26559"}],"curies":[{"name":"wp","href":"https:\/\/api.w.org\/{rel}","templated":true}]}}