{"id":26569,"date":"2020-12-09T00:38:18","date_gmt":"2020-12-08T23:38:18","guid":{"rendered":"http:\/\/62.218.72.186\/wordpress\/?page_id=26569"},"modified":"2023-05-26T17:44:12","modified_gmt":"2023-05-26T15:44:12","slug":"26569-2","status":"publish","type":"page","link":"https:\/\/www.mint2000.at\/Wordpress\/index.php\/medienkompetenz\/weitere-auszeichnungen\/26569-2\/","title":{"rendered":"eEducation Expert.Schule"},"content":{"rendered":"\n<header class=\"entry-header\"><\/header>\n<div class=\"entry-content\">\n<p>Die Informatik Mittelschule Stockerau wurde bereits 2017 als eEducation Expert.Schule ausgezeichnet und h\u00e4lt dieses Siegel bis heute.<\/p>\n<p><strong>eEducation Austria Expert.Schulen sind bereits jetzt digi-fit und erm\u00f6glichen ihren Sch\u00fcler:innen einen innovativen, abwechslungsreichen und zukunftsorientierten Unterricht.<\/strong><\/p>\n<p><em>eEducation Austria.Expert Schulen setzen digitale Medien und Ger\u00e4te wie Smartphones, Tablets, Notebooks &amp; Co in einem breiten F\u00e4cherkanon didaktisch sinnvoll ein. Sie f\u00f6rdern die Steigerung der digitalen und informatischen Kompetenz ihrer Sch\u00fcler:innen. Der Einsatz der digitalen Medien im Unterricht stellt einen Mehrwert f\u00fcr das Lernen und Lehren dar und soll den Sch\u00fcler:innen helfen, digitale Technologien im k\u00fcnftigen Leben und am Arbeitsplatz kompetent einzusetzen.<\/em><\/p>\n<\/div>\n","protected":false},"excerpt":{"rendered":"<p>Die Informatik Mittelschule Stockerau wurde bereits 2017 als eEducation Expert.Schule ausgezeichnet und h\u00e4lt dieses Siegel bis heute. eEducation Austria Expert.Schulen sind bereits jetzt digi-fit und erm\u00f6glichen ihren Sch\u00fcler:innen einen innovativen, abwechslungsreichen und zukunftsorientierten Unterricht. eEducation Austria.Expert Schulen setzen digitale Medien und Ger\u00e4te wie Smartphones, Tablets, Notebooks &amp; Co in einem breiten F\u00e4cherkanon didaktisch sinnvoll ein. [&hellip;]<\/p>\n","protected":false},"author":47,"featured_media":0,"parent":26523,"menu_order":2,"comment_status":"closed","ping_status":"closed","template":"","meta":{"ngg_post_thumbnail":0,"footnotes":""},"class_list":["post-26569","page","type-page","status-publish","hentry"],"_links":{"self":[{"href":"https:\/\/www.mint2000.at\/Wordpress\/index.php\/wp-json\/wp\/v2\/pages\/26569","targetHints":{"allow":["GET"]}}],"collection":[{"href":"https:\/\/www.mint2000.at\/Wordpress\/index.php\/wp-json\/wp\/v2\/pages"}],"about":[{"href":"https:\/\/www.mint2000.at\/Wordpress\/index.php\/wp-json\/wp\/v2\/types\/page"}],"author":[{"embeddable":true,"href":"https:\/\/www.mint2000.at\/Wordpress\/index.php\/wp-json\/wp\/v2\/users\/47"}],"replies":[{"embeddable":true,"href":"https:\/\/www.mint2000.at\/Wordpress\/index.php\/wp-json\/wp\/v2\/comments?post=26569"}],"version-history":[{"count":1,"href":"https:\/\/www.mint2000.at\/Wordpress\/index.php\/wp-json\/wp\/v2\/pages\/26569\/revisions"}],"predecessor-version":[{"id":35096,"href":"https:\/\/www.mint2000.at\/Wordpress\/index.php\/wp-json\/wp\/v2\/pages\/26569\/revisions\/35096"}],"up":[{"embeddable":true,"href":"https:\/\/www.mint2000.at\/Wordpress\/index.php\/wp-json\/wp\/v2\/pages\/26523"}],"wp:attachment":[{"href":"https:\/\/www.mint2000.at\/Wordpress\/index.php\/wp-json\/wp\/v2\/media?parent=26569"}],"curies":[{"name":"wp","href":"https:\/\/api.w.org\/{rel}","templated":true}]}}