{"id":26589,"date":"2020-12-09T01:37:58","date_gmt":"2020-12-09T00:37:58","guid":{"rendered":"http:\/\/62.218.72.186\/wordpress\/?page_id=26589"},"modified":"2023-05-26T23:06:39","modified_gmt":"2023-05-26T21:06:39","slug":"soziales-lernen","status":"publish","type":"page","link":"https:\/\/www.mint2000.at\/Wordpress\/index.php\/unsere-weiteren\/soziales-lernen\/","title":{"rendered":"Soziales Lernen"},"content":{"rendered":"\n<p><span data-contrast=\"auto\">In der Informatikmittelschule Stockerau nehmen die Kinder der 1. Klassen (5. Schulstufe) am Fach \u201eSoziales Lernen\u201c als Verbindliche \u00dcbung im Rahmen einer Wochenstunde teil. In dieser Stunde sind die Klassenvorst\u00e4nd:innen<\/span><span data-contrast=\"auto\">&nbsp;bei den Kindern und es werden folgende Schwerpunkte gesetzt:<\/span><span data-ccp-props=\"{}\">&nbsp;<\/span><\/p>\n<ul>\n<li data-leveltext=\"\uf0b7\" data-font=\"Symbol\" data-listid=\"1\" aria-setsize=\"-1\" data-aria-posinset=\"1\" data-aria-level=\"1\"><span data-contrast=\"auto\">\u201eAnkommen\u201c in der neuen Schule<\/span><span data-ccp-props=\"{&quot;134233279&quot;:true}\">&nbsp;<\/span><\/li>\n<li data-leveltext=\"\uf0b7\" data-font=\"Symbol\" data-listid=\"1\" aria-setsize=\"-1\" data-aria-posinset=\"1\" data-aria-level=\"1\"><span data-contrast=\"auto\">Gegenseitiges Kennenlernen der neuen Mitsch\u00fcler:innen durch verschiedene <\/span><span data-contrast=\"auto\">Kennenlernspiele<\/span><span data-contrast=\"auto\">&nbsp;und pers\u00f6nliche Berichte<\/span><span data-ccp-props=\"{&quot;134233279&quot;:true}\">&nbsp;<\/span><\/li>\n<li data-leveltext=\"\uf0b7\" data-font=\"Symbol\" data-listid=\"1\" aria-setsize=\"-1\" data-aria-posinset=\"1\" data-aria-level=\"1\"><span data-contrast=\"auto\">Pers\u00f6nliche&nbsp;<\/span><span data-contrast=\"auto\">Erz\u00e4hlungen aus der Erfahrungswelt und dem Umfeld des Kindes<\/span><span data-ccp-props=\"{&quot;134233279&quot;:true}\">&nbsp;<\/span><\/li>\n<li data-leveltext=\"\uf0b7\" data-font=\"Symbol\" data-listid=\"1\" aria-setsize=\"-1\" data-aria-posinset=\"1\" data-aria-level=\"1\"><span data-contrast=\"auto\">R\u00fcckblick auf vorangegangene Themen \/ Ereignisse und Diskussion dar\u00fcber<\/span><span data-ccp-props=\"{&quot;134233279&quot;:true}\">&nbsp;<\/span><\/li>\n<li data-leveltext=\"\uf0b7\" data-font=\"Symbol\" data-listid=\"1\" aria-setsize=\"-1\" data-aria-posinset=\"1\" data-aria-level=\"1\"><span data-contrast=\"auto\">Eigene Stimmungen wahrnehmen und verbalisieren<\/span><span data-ccp-props=\"{&quot;134233279&quot;:true}\">&nbsp;<\/span><\/li>\n<li data-leveltext=\"\uf0b7\" data-font=\"Symbol\" data-listid=\"1\" aria-setsize=\"-1\" data-aria-posinset=\"1\" data-aria-level=\"1\"><span data-contrast=\"auto\">Klassengemeinschaft, gegenseitige Unterst\u00fctzung<\/span><span data-ccp-props=\"{&quot;134233279&quot;:true}\">&nbsp;<\/span><\/li>\n<li data-leveltext=\"\uf0b7\" data-font=\"Symbol\" data-listid=\"1\" aria-setsize=\"-1\" data-aria-posinset=\"1\" data-aria-level=\"1\"><span data-contrast=\"auto\">Umgangsformen, Klassenregeln, Klassen\u00e4mter werden gemeinsam erarbeitet<\/span><span data-ccp-props=\"{&quot;134233279&quot;:true}\">&nbsp;<\/span><\/li>\n<li data-leveltext=\"\uf0b7\" data-font=\"Symbol\" data-listid=\"1\" aria-setsize=\"-1\" data-aria-posinset=\"1\" data-aria-level=\"1\"><span data-contrast=\"auto\">Kinderrechte \/ Menschenrechte werden thematisiert&nbsp;<\/span><span data-ccp-props=\"{&quot;134233279&quot;:true}\">&nbsp;<\/span><\/li>\n<li data-leveltext=\"\uf0b7\" data-font=\"Symbol\" data-listid=\"1\" aria-setsize=\"-1\" data-aria-posinset=\"1\" data-aria-level=\"1\"><span data-contrast=\"auto\">Achtsamkeit<\/span><span data-contrast=\"auto\">&nbsp;und gegenseitige Wertsch\u00e4tzung<\/span><span data-contrast=\"auto\"> in der Klasse<\/span><\/li>\n<li data-leveltext=\"\uf0b7\" data-font=\"Symbol\" data-listid=\"1\" aria-setsize=\"-1\" data-aria-posinset=\"1\" data-aria-level=\"1\"><span data-contrast=\"auto\">Konfliktbew\u00e4ltigung<\/span><span data-ccp-props=\"{&quot;134233279&quot;:true}\">&nbsp;<\/span><\/li>\n<li data-leveltext=\"\uf0b7\" data-font=\"Symbol\" data-listid=\"1\" aria-setsize=\"-1\" data-aria-posinset=\"1\" data-aria-level=\"1\"><span data-contrast=\"auto\">Durchf\u00fchrung kleiner Feiern (z. B. Weihnachtsstunde, Geburtstagsfeiern, Faschingsfeier, gemeinsames Fr\u00fchst\u00fcck etc.)&nbsp;<\/span><span data-ccp-props=\"{&quot;134233279&quot;:true}\">&nbsp;<\/span><\/li>\n<\/ul>\n<p><img loading=\"lazy\" decoding=\"async\" class=\"alignnone  wp-image-26704\" src=\"http:\/\/62.218.72.186\/wordpress\/wp-content\/uploads\/2020\/12\/577411-300x200.jpg\" alt=\"\" width=\"247\" height=\"165\" srcset=\"https:\/\/www.mint2000.at\/Wordpress\/wp-content\/uploads\/2020\/12\/577411-300x200.jpg 300w, https:\/\/www.mint2000.at\/Wordpress\/wp-content\/uploads\/2020\/12\/577411-150x100.jpg 150w, https:\/\/www.mint2000.at\/Wordpress\/wp-content\/uploads\/2020\/12\/577411-200x133.jpg 200w, https:\/\/www.mint2000.at\/Wordpress\/wp-content\/uploads\/2020\/12\/577411-400x267.jpg 400w, https:\/\/www.mint2000.at\/Wordpress\/wp-content\/uploads\/2020\/12\/577411.jpg 800w\" sizes=\"auto, (max-width: 247px) 100vw, 247px\" \/>&nbsp; &nbsp; &nbsp; <img loading=\"lazy\" decoding=\"async\" class=\"alignnone  wp-image-26705\" src=\"http:\/\/62.218.72.186\/wordpress\/wp-content\/uploads\/2020\/12\/IMG_2919-Mittel-Kopie-300x200.jpg\" alt=\"\" width=\"252\" height=\"168\" srcset=\"https:\/\/www.mint2000.at\/Wordpress\/wp-content\/uploads\/2020\/12\/IMG_2919-Mittel-Kopie-300x200.jpg 300w, https:\/\/www.mint2000.at\/Wordpress\/wp-content\/uploads\/2020\/12\/IMG_2919-Mittel-Kopie-150x100.jpg 150w, https:\/\/www.mint2000.at\/Wordpress\/wp-content\/uploads\/2020\/12\/IMG_2919-Mittel-Kopie-200x133.jpg 200w, https:\/\/www.mint2000.at\/Wordpress\/wp-content\/uploads\/2020\/12\/IMG_2919-Mittel-Kopie-400x267.jpg 400w, https:\/\/www.mint2000.at\/Wordpress\/wp-content\/uploads\/2020\/12\/IMG_2919-Mittel-Kopie.jpg 800w\" sizes=\"auto, (max-width: 252px) 100vw, 252px\" \/><img loading=\"lazy\" decoding=\"async\" class=\"size-medium wp-image-26706 aligncenter\" src=\"http:\/\/62.218.72.186\/wordpress\/wp-content\/uploads\/2020\/12\/IMG_2971-Mittel-300x200.jpg\" alt=\"\" width=\"300\" height=\"200\" srcset=\"https:\/\/www.mint2000.at\/Wordpress\/wp-content\/uploads\/2020\/12\/IMG_2971-Mittel-300x200.jpg 300w, https:\/\/www.mint2000.at\/Wordpress\/wp-content\/uploads\/2020\/12\/IMG_2971-Mittel-150x100.jpg 150w, https:\/\/www.mint2000.at\/Wordpress\/wp-content\/uploads\/2020\/12\/IMG_2971-Mittel-200x133.jpg 200w, https:\/\/www.mint2000.at\/Wordpress\/wp-content\/uploads\/2020\/12\/IMG_2971-Mittel-400x267.jpg 400w, https:\/\/www.mint2000.at\/Wordpress\/wp-content\/uploads\/2020\/12\/IMG_2971-Mittel.jpg 800w\" sizes=\"auto, (max-width: 300px) 100vw, 300px\" \/><\/p>\n","protected":false},"excerpt":{"rendered":"<p>In der Informatikmittelschule Stockerau nehmen die Kinder der 1. Klassen (5. Schulstufe) am Fach \u201eSoziales Lernen\u201c als Verbindliche \u00dcbung im Rahmen einer Wochenstunde teil. In dieser Stunde sind die Klassenvorst\u00e4nd:innen&nbsp;bei den Kindern und es werden folgende Schwerpunkte gesetzt:&nbsp; \u201eAnkommen\u201c in der neuen Schule&nbsp; Gegenseitiges Kennenlernen der neuen Mitsch\u00fcler:innen durch verschiedene Kennenlernspiele&nbsp;und pers\u00f6nliche Berichte&nbsp; Pers\u00f6nliche&nbsp;Erz\u00e4hlungen aus [&hellip;]<\/p>\n","protected":false},"author":47,"featured_media":0,"parent":26643,"menu_order":2,"comment_status":"closed","ping_status":"closed","template":"","meta":{"ngg_post_thumbnail":0,"footnotes":""},"class_list":["post-26589","page","type-page","status-publish","hentry"],"_links":{"self":[{"href":"https:\/\/www.mint2000.at\/Wordpress\/index.php\/wp-json\/wp\/v2\/pages\/26589","targetHints":{"allow":["GET"]}}],"collection":[{"href":"https:\/\/www.mint2000.at\/Wordpress\/index.php\/wp-json\/wp\/v2\/pages"}],"about":[{"href":"https:\/\/www.mint2000.at\/Wordpress\/index.php\/wp-json\/wp\/v2\/types\/page"}],"author":[{"embeddable":true,"href":"https:\/\/www.mint2000.at\/Wordpress\/index.php\/wp-json\/wp\/v2\/users\/47"}],"replies":[{"embeddable":true,"href":"https:\/\/www.mint2000.at\/Wordpress\/index.php\/wp-json\/wp\/v2\/comments?post=26589"}],"version-history":[{"count":1,"href":"https:\/\/www.mint2000.at\/Wordpress\/index.php\/wp-json\/wp\/v2\/pages\/26589\/revisions"}],"predecessor-version":[{"id":35101,"href":"https:\/\/www.mint2000.at\/Wordpress\/index.php\/wp-json\/wp\/v2\/pages\/26589\/revisions\/35101"}],"up":[{"embeddable":true,"href":"https:\/\/www.mint2000.at\/Wordpress\/index.php\/wp-json\/wp\/v2\/pages\/26643"}],"wp:attachment":[{"href":"https:\/\/www.mint2000.at\/Wordpress\/index.php\/wp-json\/wp\/v2\/media?parent=26589"}],"curies":[{"name":"wp","href":"https:\/\/api.w.org\/{rel}","templated":true}]}}