{"id":26591,"date":"2020-12-09T01:39:23","date_gmt":"2020-12-09T00:39:23","guid":{"rendered":"http:\/\/62.218.72.186\/wordpress\/?page_id=26591"},"modified":"2020-12-26T15:10:37","modified_gmt":"2020-12-26T14:10:37","slug":"nachmittagsbetreuung","status":"publish","type":"page","link":"https:\/\/www.mint2000.at\/Wordpress\/index.php\/unsere-schule\/nachmittagsbetreuung\/","title":{"rendered":"Nachmittagsbetreuung"},"content":{"rendered":"\n<p><strong>ORGANISATION:&nbsp;<\/strong><\/p>\n<ul>\n<li><strong>Gemeinsames Mittagessen<\/strong> der Kinder mit einer\/einem Erzieher*in nach den Richtlinien moderner Ern\u00e4hrungswissenschaft (R\u00fccksicht auf Ern\u00e4hrungsrichtlinien, Religionszugeh\u00f6rigkeit, Allergien, Hygiene\u2026) wird in der Schule eingenommen. T\u00e4glich von 13.30 Uhr bis 14.00 Uhr<\/li>\n<li><strong>Gegenstandsbezogene Lernzeit<\/strong>: <br>(eine Lerneinheit mit einer\/einem Lehrer*in der Schule und der\/demr Erzieher*in)<br>Diese Zeit dient dem Aufarbeiten von Lerndefiziten und der F\u00f6rderung der Sch\u00fclerInnen sowie dem Vorbereiten von Referaten und Projektarbeiten.&nbsp;<\/li>\n<li><strong>Individuelle Lerneinheit:<\/strong> <br>(Erzieher*in)<br>Die Sch\u00fcler*innen erledigen ihre pers\u00f6nlichen Hausaufgaben, \u00fcben mit Lernprogrammen oder lesen .<\/li>\n<li><strong>Gelenkte Freizeit = T\u00e4glich eine Sporteinheit: <br><\/strong>Findet entweder in der Turnhalle oder im Freien statt und ist ein wichtiger Teil der schulischen Tagesbetreuung.&nbsp;<\/li>\n<li><strong>Ungelenkte Freizeit: <br><\/strong>Die Kinder werden beaufsichtigt und k\u00f6nnen die Einrichtungen der Schule benutzen. Die Kinder k\u00f6nnen aber auch die Musikschule, welche sich direkt neben der Schule befindet, oder einen Verein besuchen und danach wieder in die Schule gehen. (F\u00fcr die Eltern entfallen dadurch Transporte zu manchen \u00d6rtlichkeiten).<\/li>\n<\/ul>\n<p>Das Zusammensein am Nachmittag f\u00f6rdert die Gemeinschaft und die Bildung von Freundschaften. Soziales Lernen ist ein vorrangiges Anliegen, schulische Nachmittagsbetreuung hat einen hohen p\u00e4dagogischen Stellenwert und erm\u00f6glicht den Eltern die freie Zeit mit ihren Kindern f\u00fcr gemeinsame Interessen zu nutzen und ihr Kind trotzdem gut f\u00fcr den Unterricht vorbereitet zu wissen.&nbsp;<\/p>\n<p>So sieht der <strong>TAGESPLAN <\/strong>eines Kindes mit Nachmittagsbetreuung aus:<\/p>\n<p>08:00 bis 13.30 Uhr:&nbsp;&nbsp; <br><strong>Vormittagsunterricht<\/strong><\/p>\n<p>13:30 bis 14:00 Uhr:&nbsp;&nbsp; <br><strong>gemeinsames Mittagessen mit der Erzieherin<\/strong><\/p>\n<p>14:00 bis 15:50 Uhr:&nbsp;&nbsp; <br><strong>gegenstandsbezogene Lernzeit\/individuelle Lerneinheit<\/strong><\/p>\n<p>16:00 bis 17:00 Uhr:&nbsp;&nbsp; <br><strong>Sport<\/strong><\/p>\n<p>17:00 bis 17:30 Uhr:&nbsp;&nbsp; <br><strong>ungelenkte Freizeit<\/strong><\/p>\n","protected":false},"excerpt":{"rendered":"<p>ORGANISATION:&nbsp; Gemeinsames Mittagessen der Kinder mit einer\/einem Erzieher*in nach den Richtlinien moderner Ern\u00e4hrungswissenschaft (R\u00fccksicht auf Ern\u00e4hrungsrichtlinien, Religionszugeh\u00f6rigkeit, Allergien, Hygiene\u2026) wird in der Schule eingenommen. T\u00e4glich von 13.30 Uhr bis 14.00 Uhr Gegenstandsbezogene Lernzeit: (eine Lerneinheit mit einer\/einem Lehrer*in der Schule und der\/demr Erzieher*in)Diese Zeit dient dem Aufarbeiten von Lerndefiziten und der F\u00f6rderung der Sch\u00fclerInnen sowie [&hellip;]<\/p>\n","protected":false},"author":47,"featured_media":0,"parent":109,"menu_order":10,"comment_status":"closed","ping_status":"closed","template":"","meta":{"ngg_post_thumbnail":0,"footnotes":""},"class_list":["post-26591","page","type-page","status-publish","hentry"],"_links":{"self":[{"href":"https:\/\/www.mint2000.at\/Wordpress\/index.php\/wp-json\/wp\/v2\/pages\/26591","targetHints":{"allow":["GET"]}}],"collection":[{"href":"https:\/\/www.mint2000.at\/Wordpress\/index.php\/wp-json\/wp\/v2\/pages"}],"about":[{"href":"https:\/\/www.mint2000.at\/Wordpress\/index.php\/wp-json\/wp\/v2\/types\/page"}],"author":[{"embeddable":true,"href":"https:\/\/www.mint2000.at\/Wordpress\/index.php\/wp-json\/wp\/v2\/users\/47"}],"replies":[{"embeddable":true,"href":"https:\/\/www.mint2000.at\/Wordpress\/index.php\/wp-json\/wp\/v2\/comments?post=26591"}],"version-history":[{"count":0,"href":"https:\/\/www.mint2000.at\/Wordpress\/index.php\/wp-json\/wp\/v2\/pages\/26591\/revisions"}],"up":[{"embeddable":true,"href":"https:\/\/www.mint2000.at\/Wordpress\/index.php\/wp-json\/wp\/v2\/pages\/109"}],"wp:attachment":[{"href":"https:\/\/www.mint2000.at\/Wordpress\/index.php\/wp-json\/wp\/v2\/media?parent=26591"}],"curies":[{"name":"wp","href":"https:\/\/api.w.org\/{rel}","templated":true}]}}