{"id":26594,"date":"2020-12-09T01:46:59","date_gmt":"2020-12-09T00:46:59","guid":{"rendered":"http:\/\/62.218.72.186\/wordpress\/?page_id=26594"},"modified":"2023-05-26T23:15:08","modified_gmt":"2023-05-26T21:15:08","slug":"schulbibliothek","status":"publish","type":"page","link":"https:\/\/www.mint2000.at\/Wordpress\/index.php\/unsere-weiteren\/schulbibliothek\/","title":{"rendered":"Schulbibliothek"},"content":{"rendered":"\n<p>Seit \u00fcber 30 Jahren verf\u00fcgt die Informatik Mittelschule Stockerau \u00fcber eine Schulbibliothek. Aufgebaut wurde diese von Frau Fl. Gertrude Sattler. Seit 2009\/10 ist Bibliothekarin <strong>Dipl.P\u00e4d. Irmgard Steiner<\/strong> verantwortlich f\u00fcr \u00fcber 8000 B\u00fccher und DVDs. Sie freut sich immer \u00fcber Besuch in der &#8220;Bibi&#8221;.<\/p>\n<p>Viele Kinder trefffen sich in den Pausen in der Bibliothek um dort zu spielen, zu essen, zu tratschen, &#8230; Die &#8220;Bibi&#8221; ist somit auch ein kommunikativer Meeting-Point f\u00fcr Sch\u00fcler:innen, Lehrer:innen und Eltern.<br>Sowohl Eltern als auch Lehrer:innen der Schule haben Zugriff auf die Best\u00e4nde der Bibliothek. Ihnen werden beispielsweise B\u00fccher von Dan Brown oder Jodi Picoult sowie P\u00e4dagogik-Werke (Jan Uwe Rogge) angeboten. Kinder k\u00f6nnen auch B\u00fccher f\u00fcr ihre Eltern ausborgen.<\/p>\n<p><a href=\"http:\/\/www.youtube.com\/watch?v=mQ-aD6OqKHs&amp;feature=youtu.be\">Unsere Schulbibliothek (Video auf youtube, 2013)<\/a><\/p>\n<p>Auf einen Blick:<\/p>\n<ul>\n<li>In unserer Schulbibliothek findest du <strong>\u00fcber 8000<\/strong> B\u00fccher, DVDs, H\u00f6rb\u00fccher und Zeitschriften vor.<\/li>\n<li>Unser Schwerpunkt sind <strong>B\u00fccher, DVDs, H\u00f6rb\u00fccher und Zeitschriften<\/strong> f\u00fcr 8 \u2013 15j\u00e4hrige Kinder und Jugendliche.<br><br><\/li>\n<li>Die Bibliothek ist an <strong>vier Tagen<\/strong> die Woche ge\u00f6ffnet!<br><br><\/li>\n<li>Die Bibliothek ist auch das <strong>\u201eWohnzimmer\u201c der Schule<\/strong>: Schm\u00f6kern, Chillen, Freunde treffen, Jause essen\u2026\u2026<br><br><\/li>\n<li>Besonders <strong>beliebt<\/strong> sind\n<ul>\n<li style=\"list-style-type: none;\">\n<ul>\n<li>\u201eGregs Tagebuch&#8221;<\/li>\n<li>\u201eDork Diaries\u201c<\/li>\n<li>Naruto-Comics<\/li>\n<li>Minecraft B\u00fccher<\/li>\n<li>Auto B\u00fccher<\/li>\n<li>Aktuelle DVDs<\/li>\n<li>Haustier B\u00fccher<\/li>\n<li>M\u00e4dchenromane<br><br><\/li>\n<\/ul>\n<\/li>\n<\/ul>\n<\/li>\n<li>Die Bibliothek verleiht auch <strong>Zeitschriften<\/strong>:\n<ul>\n<li style=\"list-style-type: none;\">\n<ul>\n<li>GEO<\/li>\n<li>P.M.<\/li>\n<li>Rapid-Hefte<\/li>\n<li>National Geographic<br><br><\/li>\n<\/ul>\n<\/li>\n<\/ul>\n<\/li>\n<li>Weiters findest du ca. 500 B\u00fccher <strong>in englischer Sprache<\/strong> vor!<br><br><\/li>\n<li>Und das BESTE: Alle Medien k\u00f6nnen <strong>GRATIS<\/strong> ausgeborgt werden!<\/li>\n<\/ul>\n","protected":false},"excerpt":{"rendered":"<p>Seit \u00fcber 30 Jahren verf\u00fcgt die Informatik Mittelschule Stockerau \u00fcber eine Schulbibliothek. Aufgebaut wurde diese von Frau Fl. Gertrude Sattler. Seit 2009\/10 ist Bibliothekarin Dipl.P\u00e4d. Irmgard Steiner verantwortlich f\u00fcr \u00fcber 8000 B\u00fccher und DVDs. Sie freut sich immer \u00fcber Besuch in der &#8220;Bibi&#8221;. Viele Kinder trefffen sich in den Pausen in der Bibliothek um dort [&hellip;]<\/p>\n","protected":false},"author":47,"featured_media":0,"parent":26643,"menu_order":6,"comment_status":"closed","ping_status":"closed","template":"","meta":{"ngg_post_thumbnail":0,"footnotes":""},"class_list":["post-26594","page","type-page","status-publish","hentry"],"_links":{"self":[{"href":"https:\/\/www.mint2000.at\/Wordpress\/index.php\/wp-json\/wp\/v2\/pages\/26594","targetHints":{"allow":["GET"]}}],"collection":[{"href":"https:\/\/www.mint2000.at\/Wordpress\/index.php\/wp-json\/wp\/v2\/pages"}],"about":[{"href":"https:\/\/www.mint2000.at\/Wordpress\/index.php\/wp-json\/wp\/v2\/types\/page"}],"author":[{"embeddable":true,"href":"https:\/\/www.mint2000.at\/Wordpress\/index.php\/wp-json\/wp\/v2\/users\/47"}],"replies":[{"embeddable":true,"href":"https:\/\/www.mint2000.at\/Wordpress\/index.php\/wp-json\/wp\/v2\/comments?post=26594"}],"version-history":[{"count":1,"href":"https:\/\/www.mint2000.at\/Wordpress\/index.php\/wp-json\/wp\/v2\/pages\/26594\/revisions"}],"predecessor-version":[{"id":35110,"href":"https:\/\/www.mint2000.at\/Wordpress\/index.php\/wp-json\/wp\/v2\/pages\/26594\/revisions\/35110"}],"up":[{"embeddable":true,"href":"https:\/\/www.mint2000.at\/Wordpress\/index.php\/wp-json\/wp\/v2\/pages\/26643"}],"wp:attachment":[{"href":"https:\/\/www.mint2000.at\/Wordpress\/index.php\/wp-json\/wp\/v2\/media?parent=26594"}],"curies":[{"name":"wp","href":"https:\/\/api.w.org\/{rel}","templated":true}]}}