{"id":26646,"date":"2020-12-09T23:01:24","date_gmt":"2020-12-09T22:01:24","guid":{"rendered":"http:\/\/62.218.72.186\/wordpress\/?page_id=26646"},"modified":"2023-05-26T23:05:46","modified_gmt":"2023-05-26T21:05:46","slug":"ort-zum-wohlfuhlen","status":"publish","type":"page","link":"https:\/\/www.mint2000.at\/Wordpress\/index.php\/unsere-weiteren\/ort-zum-wohlfuhlen\/","title":{"rendered":"Ort zum Wohlf\u00fchlen"},"content":{"rendered":"\n<p>Die Informatik-Mittelschule ist MEHR als eine eine wegweisende Schule: Sie ist eine Schule <strong>Wohlf\u00fchlen<\/strong>: Auf Grund der Klassenanzahl (zwischen 8 und 12 Klassen) kennt jede Lehrkraft nahezu jede\/n Sch\u00fcler:in und es wird auf <strong>pers\u00f6nliche Beziehung<\/strong> gro\u00dfer Wert gelegt! <br><strong>Kleine Kernteams<\/strong> in den Klassen garantieren, dass <strong>individuelle St\u00e4rken und Talente der Sch\u00fcler:innen<\/strong> erkannt und gef\u00f6rdert werden und dass <strong>Freude am sozialen Miteinander<\/strong> einen gewichtigen Platz einnimmt!<\/p>\n<p>Denn neben dem soliden Wissen als Grundlage f\u00fcr lebenslanges Lernen vermitteln wir Lehrer*Innen:<br>* soziale Kompetenz<br>* Freude am Lernen, Motivation<br>* Geborgenheit, Zuversicht und Selbstvertrauen!<\/p>\n","protected":false},"excerpt":{"rendered":"<p>Die Informatik-Mittelschule ist MEHR als eine eine wegweisende Schule: Sie ist eine Schule Wohlf\u00fchlen: Auf Grund der Klassenanzahl (zwischen 8 und 12 Klassen) kennt jede Lehrkraft nahezu jede\/n Sch\u00fcler:in und es wird auf pers\u00f6nliche Beziehung gro\u00dfer Wert gelegt! Kleine Kernteams in den Klassen garantieren, dass individuelle St\u00e4rken und Talente der Sch\u00fcler:innen erkannt und gef\u00f6rdert werden [&hellip;]<\/p>\n","protected":false},"author":47,"featured_media":0,"parent":26643,"menu_order":1,"comment_status":"closed","ping_status":"closed","template":"","meta":{"ngg_post_thumbnail":0,"footnotes":""},"class_list":["post-26646","page","type-page","status-publish","hentry"],"_links":{"self":[{"href":"https:\/\/www.mint2000.at\/Wordpress\/index.php\/wp-json\/wp\/v2\/pages\/26646","targetHints":{"allow":["GET"]}}],"collection":[{"href":"https:\/\/www.mint2000.at\/Wordpress\/index.php\/wp-json\/wp\/v2\/pages"}],"about":[{"href":"https:\/\/www.mint2000.at\/Wordpress\/index.php\/wp-json\/wp\/v2\/types\/page"}],"author":[{"embeddable":true,"href":"https:\/\/www.mint2000.at\/Wordpress\/index.php\/wp-json\/wp\/v2\/users\/47"}],"replies":[{"embeddable":true,"href":"https:\/\/www.mint2000.at\/Wordpress\/index.php\/wp-json\/wp\/v2\/comments?post=26646"}],"version-history":[{"count":1,"href":"https:\/\/www.mint2000.at\/Wordpress\/index.php\/wp-json\/wp\/v2\/pages\/26646\/revisions"}],"predecessor-version":[{"id":35100,"href":"https:\/\/www.mint2000.at\/Wordpress\/index.php\/wp-json\/wp\/v2\/pages\/26646\/revisions\/35100"}],"up":[{"embeddable":true,"href":"https:\/\/www.mint2000.at\/Wordpress\/index.php\/wp-json\/wp\/v2\/pages\/26643"}],"wp:attachment":[{"href":"https:\/\/www.mint2000.at\/Wordpress\/index.php\/wp-json\/wp\/v2\/media?parent=26646"}],"curies":[{"name":"wp","href":"https:\/\/api.w.org\/{rel}","templated":true}]}}