{"id":26652,"date":"2020-12-09T23:06:02","date_gmt":"2020-12-09T22:06:02","guid":{"rendered":"http:\/\/62.218.72.186\/wordpress\/?page_id=26652"},"modified":"2023-05-26T23:14:13","modified_gmt":"2023-05-26T21:14:13","slug":"erste-hilfe-kurse","status":"publish","type":"page","link":"https:\/\/www.mint2000.at\/Wordpress\/index.php\/unsere-weiteren\/erste-hilfe-kurse\/","title":{"rendered":"Erste Hilfe &#8211; Kurse"},"content":{"rendered":"\n<p><img loading=\"lazy\" decoding=\"async\" class=\" wp-image-26688 alignleft\" src=\"http:\/\/62.218.72.186\/wordpress\/wp-content\/uploads\/2020\/12\/2-1-300x225.jpg\" alt=\"\" width=\"287\" height=\"215\" srcset=\"https:\/\/www.mint2000.at\/Wordpress\/wp-content\/uploads\/2020\/12\/2-1-300x225.jpg 300w, https:\/\/www.mint2000.at\/Wordpress\/wp-content\/uploads\/2020\/12\/2-1-150x113.jpg 150w, https:\/\/www.mint2000.at\/Wordpress\/wp-content\/uploads\/2020\/12\/2-1-200x150.jpg 200w, https:\/\/www.mint2000.at\/Wordpress\/wp-content\/uploads\/2020\/12\/2-1-400x300.jpg 400w, https:\/\/www.mint2000.at\/Wordpress\/wp-content\/uploads\/2020\/12\/2-1.jpg 640w\" sizes=\"auto, (max-width: 287px) 100vw, 287px\" \/>Das Thema \u201eErste Hilfe\u201c ist ein <strong>Kernangebot des \u00d6JRK,<\/strong> auf das seit vielen Jahren an unserer Schule ein Schwerpunkt gelegt wurde. Alle Sch\u00fcler:innen sollen im Laufe der Schulzeit mit Erste Hilfe in Ber\u00fchrung kommen und lernen, dass es einfach ist zu helfen. Nur nichts zu tun ist falsch!<\/p>\n<p>&nbsp;<\/p>\n<p>Traditionsgem\u00e4\u00df finden die <strong>16-st\u00fcndigen Erste-Hilfe-Kurse<\/strong> in der letzte Schulwoche der vierten Klassen statt. Neben theoretischen Grundlagen werden auch praktische F\u00e4higkeiten zu folgendem Inhalt vermittelt:<\/p>\n<ul>\n<li>Unfallverh\u00fctung<img loading=\"lazy\" decoding=\"async\" class=\"size-medium wp-image-26687 alignright\" src=\"http:\/\/62.218.72.186\/wordpress\/wp-content\/uploads\/2020\/12\/1-300x225.jpg\" alt=\"\" width=\"300\" height=\"225\" srcset=\"https:\/\/www.mint2000.at\/Wordpress\/wp-content\/uploads\/2020\/12\/1-300x225.jpg 300w, https:\/\/www.mint2000.at\/Wordpress\/wp-content\/uploads\/2020\/12\/1-150x113.jpg 150w, https:\/\/www.mint2000.at\/Wordpress\/wp-content\/uploads\/2020\/12\/1-200x150.jpg 200w, https:\/\/www.mint2000.at\/Wordpress\/wp-content\/uploads\/2020\/12\/1-400x300.jpg 400w, https:\/\/www.mint2000.at\/Wordpress\/wp-content\/uploads\/2020\/12\/1.jpg 640w\" sizes=\"auto, (max-width: 300px) 100vw, 300px\" \/><\/li>\n<li>Grundlagen der Ersten Hilfe<\/li>\n<li>Regloser Notfallpatient<\/li>\n<li>Akute Notf\u00e4lle<\/li>\n<li>Wunden<\/li>\n<li>Knochen- und Gelenksverletzungen<\/li>\n<li>Das Rote Kreuz<\/li>\n<\/ul>\n<p>Zum Abschluss d\u00fcrfen alle Sch\u00fcler:innen den &nbsp;<strong>Erste-Hilfe-Ausweis des \u00d6JRK<\/strong> entgegennehmen, der auch f\u00fcr den k\u00fcnftigen F\u00fchrerschein gilt.<\/p>\n<p>&nbsp;<\/p>\n<p><img loading=\"lazy\" decoding=\"async\" class=\"alignnone  wp-image-26689\" src=\"http:\/\/62.218.72.186\/wordpress\/wp-content\/uploads\/2020\/12\/3-300x225.jpg\" alt=\"\" width=\"255\" height=\"191\" srcset=\"https:\/\/www.mint2000.at\/Wordpress\/wp-content\/uploads\/2020\/12\/3-300x225.jpg 300w, https:\/\/www.mint2000.at\/Wordpress\/wp-content\/uploads\/2020\/12\/3-150x113.jpg 150w, https:\/\/www.mint2000.at\/Wordpress\/wp-content\/uploads\/2020\/12\/3-200x150.jpg 200w, https:\/\/www.mint2000.at\/Wordpress\/wp-content\/uploads\/2020\/12\/3-400x300.jpg 400w, https:\/\/www.mint2000.at\/Wordpress\/wp-content\/uploads\/2020\/12\/3.jpg 640w\" sizes=\"auto, (max-width: 255px) 100vw, 255px\" \/>&nbsp; &nbsp;<img loading=\"lazy\" decoding=\"async\" class=\"alignnone  wp-image-26690\" src=\"http:\/\/62.218.72.186\/wordpress\/wp-content\/uploads\/2020\/12\/6-1-300x225.jpg\" alt=\"\" width=\"254\" height=\"190\" srcset=\"https:\/\/www.mint2000.at\/Wordpress\/wp-content\/uploads\/2020\/12\/6-1-300x225.jpg 300w, https:\/\/www.mint2000.at\/Wordpress\/wp-content\/uploads\/2020\/12\/6-1-150x113.jpg 150w, https:\/\/www.mint2000.at\/Wordpress\/wp-content\/uploads\/2020\/12\/6-1-200x150.jpg 200w, https:\/\/www.mint2000.at\/Wordpress\/wp-content\/uploads\/2020\/12\/6-1-400x300.jpg 400w, https:\/\/www.mint2000.at\/Wordpress\/wp-content\/uploads\/2020\/12\/6-1.jpg 640w\" sizes=\"auto, (max-width: 254px) 100vw, 254px\" \/><\/p>\n","protected":false},"excerpt":{"rendered":"<p>Das Thema \u201eErste Hilfe\u201c ist ein Kernangebot des \u00d6JRK, auf das seit vielen Jahren an unserer Schule ein Schwerpunkt gelegt wurde. Alle Sch\u00fcler:innen sollen im Laufe der Schulzeit mit Erste Hilfe in Ber\u00fchrung kommen und lernen, dass es einfach ist zu helfen. Nur nichts zu tun ist falsch! &nbsp; Traditionsgem\u00e4\u00df finden die 16-st\u00fcndigen Erste-Hilfe-Kurse in [&hellip;]<\/p>\n","protected":false},"author":47,"featured_media":0,"parent":26643,"menu_order":5,"comment_status":"closed","ping_status":"closed","template":"","meta":{"ngg_post_thumbnail":0,"footnotes":""},"class_list":["post-26652","page","type-page","status-publish","hentry"],"_links":{"self":[{"href":"https:\/\/www.mint2000.at\/Wordpress\/index.php\/wp-json\/wp\/v2\/pages\/26652","targetHints":{"allow":["GET"]}}],"collection":[{"href":"https:\/\/www.mint2000.at\/Wordpress\/index.php\/wp-json\/wp\/v2\/pages"}],"about":[{"href":"https:\/\/www.mint2000.at\/Wordpress\/index.php\/wp-json\/wp\/v2\/types\/page"}],"author":[{"embeddable":true,"href":"https:\/\/www.mint2000.at\/Wordpress\/index.php\/wp-json\/wp\/v2\/users\/47"}],"replies":[{"embeddable":true,"href":"https:\/\/www.mint2000.at\/Wordpress\/index.php\/wp-json\/wp\/v2\/comments?post=26652"}],"version-history":[{"count":1,"href":"https:\/\/www.mint2000.at\/Wordpress\/index.php\/wp-json\/wp\/v2\/pages\/26652\/revisions"}],"predecessor-version":[{"id":35109,"href":"https:\/\/www.mint2000.at\/Wordpress\/index.php\/wp-json\/wp\/v2\/pages\/26652\/revisions\/35109"}],"up":[{"embeddable":true,"href":"https:\/\/www.mint2000.at\/Wordpress\/index.php\/wp-json\/wp\/v2\/pages\/26643"}],"wp:attachment":[{"href":"https:\/\/www.mint2000.at\/Wordpress\/index.php\/wp-json\/wp\/v2\/media?parent=26652"}],"curies":[{"name":"wp","href":"https:\/\/api.w.org\/{rel}","templated":true}]}}