{"id":26798,"date":"2020-12-13T01:01:00","date_gmt":"2020-12-13T00:01:00","guid":{"rendered":"http:\/\/62.218.72.186\/wordpress\/?page_id=26798"},"modified":"2025-10-04T17:38:46","modified_gmt":"2025-10-04T15:38:46","slug":"ecdl","status":"publish","type":"page","link":"https:\/\/www.mint2000.at\/Wordpress\/index.php\/medienkompetenz\/ecdl\/","title":{"rendered":"ECDL"},"content":{"rendered":"\n<p>Im Rahmen unseres Informatik-Schwerpunktes haben alle Sch\u00fclerInnen die M\u00f6glichkeit, den begehrten und international anerkannten Europ\u00e4ischen Computerf\u00fchrerschein (ECDL) zu erwerben.<br><br>Die Grundlagen werden in der ersten Klasse mit einem allgemeinen Informatik-Unterricht gelegt, in dem neben vielen anderen Basics auch das 10-Fingersystem unterrichtet wird. Die Sch\u00fcler:innen erhalten eine Zugangscode und k\u00f6nnen individuell an ihr Lerntempo sich vertiefen und die Schnelligkeit steigern.<\/p>\n<p>Ab der zweiten Klasse entscheiden sich die Sch\u00fcler:innen zwischen den zwei Optionen:<br>* klassischer Informatikunterricht<br>* ECDL<\/p>\n<p>Die Sch\u00fcler:innen werden bei den unterschiedlichen Modulen des ECDL-Unterrichts von den Informatik-Lehrkr\u00e4ften in Kleingruppen begleitet. Selbstverst\u00e4ndlich wird eigenst\u00e4ndiges Arbeiten, Ehrgeiz und Engagement seitens der Sch\u00fcler:innen vorausgesetzt.<\/p>\n<p>In unserer Schule k\u00f6nnen alle zehn in \u00d6sterreich approbierten Module aus dem ECDL Standard Programm absolviert werden (Wahl aus zwei Profilen: ECDL Profile in Education,&nbsp; ECDL Standard in Education): <br><a href=\"https:\/\/edu.ecdl.at\/module-schule\" target=\"_blank\" rel=\"noopener noreferrer\">Modul\u00fcbersicht | ECDL Website<\/a><br><br>Vor den jeweiligen Modulpr\u00fcfungen haben die Sch\u00fcler:innen die M\u00f6glichkeit, eine Diagnosepr\u00fcfung\/Vorbereitungspr\u00fcfung zu absolvieren, um etwaige Wissensl\u00fccken noch rechtzeitig zu erkennen und zu schlie\u00dfen.<br>Die Pr\u00fcfungen finden direkt in der Informatik-Mittelschule statt und werden von einem externen Pr\u00fcfer beaufsichtigt.<\/p>\n<p>Mehr zum Nachlesen \u00fcber die Erfolge unserer Sch\u00fclerInnen: <a href=\"http:\/\/62.218.72.186\/wordpress\/index.php\/category\/zusatzangebote\/ecdl\/\">HIER<\/a><\/p>\n<p><img loading=\"lazy\" decoding=\"async\" class=\"alignnone wp-image-28556\" src=\"http:\/\/62.218.72.186\/wordpress\/wp-content\/uploads\/2021\/10\/Bild8-2-300x300.png\" alt=\"\" width=\"200\" height=\"200\" srcset=\"https:\/\/www.mint2000.at\/Wordpress\/wp-content\/uploads\/2021\/10\/Bild8-2-300x300.png 300w, https:\/\/www.mint2000.at\/Wordpress\/wp-content\/uploads\/2021\/10\/Bild8-2-150x150.png 150w, https:\/\/www.mint2000.at\/Wordpress\/wp-content\/uploads\/2021\/10\/Bild8-2-400x400.png 400w, https:\/\/www.mint2000.at\/Wordpress\/wp-content\/uploads\/2021\/10\/Bild8-2.png 584w\" sizes=\"auto, (max-width: 200px) 100vw, 200px\" \/><\/p>\n<p>&nbsp;<\/p>\n<p>&nbsp;<\/p>\n<p>&nbsp;<\/p>\n","protected":false},"excerpt":{"rendered":"<p>Im Rahmen unseres Informatik-Schwerpunktes haben alle Sch\u00fclerInnen die M\u00f6glichkeit, den begehrten und international anerkannten Europ\u00e4ischen Computerf\u00fchrerschein (ECDL) zu erwerben. Die Grundlagen werden in der ersten Klasse mit einem allgemeinen Informatik-Unterricht gelegt, in dem neben vielen anderen Basics auch das 10-Fingersystem unterrichtet wird. Die Sch\u00fcler:innen erhalten eine Zugangscode und k\u00f6nnen individuell an ihr Lerntempo sich vertiefen [&hellip;]<\/p>\n","protected":false},"author":47,"featured_media":0,"parent":26807,"menu_order":3,"comment_status":"closed","ping_status":"closed","template":"","meta":{"ngg_post_thumbnail":0,"footnotes":""},"class_list":["post-26798","page","type-page","status-publish","hentry"],"_links":{"self":[{"href":"https:\/\/www.mint2000.at\/Wordpress\/index.php\/wp-json\/wp\/v2\/pages\/26798","targetHints":{"allow":["GET"]}}],"collection":[{"href":"https:\/\/www.mint2000.at\/Wordpress\/index.php\/wp-json\/wp\/v2\/pages"}],"about":[{"href":"https:\/\/www.mint2000.at\/Wordpress\/index.php\/wp-json\/wp\/v2\/types\/page"}],"author":[{"embeddable":true,"href":"https:\/\/www.mint2000.at\/Wordpress\/index.php\/wp-json\/wp\/v2\/users\/47"}],"replies":[{"embeddable":true,"href":"https:\/\/www.mint2000.at\/Wordpress\/index.php\/wp-json\/wp\/v2\/comments?post=26798"}],"version-history":[{"count":1,"href":"https:\/\/www.mint2000.at\/Wordpress\/index.php\/wp-json\/wp\/v2\/pages\/26798\/revisions"}],"predecessor-version":[{"id":35094,"href":"https:\/\/www.mint2000.at\/Wordpress\/index.php\/wp-json\/wp\/v2\/pages\/26798\/revisions\/35094"}],"up":[{"embeddable":true,"href":"https:\/\/www.mint2000.at\/Wordpress\/index.php\/wp-json\/wp\/v2\/pages\/26807"}],"wp:attachment":[{"href":"https:\/\/www.mint2000.at\/Wordpress\/index.php\/wp-json\/wp\/v2\/media?parent=26798"}],"curies":[{"name":"wp","href":"https:\/\/api.w.org\/{rel}","templated":true}]}}