{"id":26800,"date":"2020-12-13T01:02:16","date_gmt":"2020-12-13T00:02:16","guid":{"rendered":"http:\/\/62.218.72.186\/wordpress\/?page_id=26800"},"modified":"2025-10-04T17:40:39","modified_gmt":"2025-10-04T15:40:39","slug":"robotics","status":"publish","type":"page","link":"https:\/\/www.mint2000.at\/Wordpress\/index.php\/medienkompetenz\/robotics\/","title":{"rendered":"Robotics"},"content":{"rendered":"\n<p>Das digiloge Prinzip spiegelt sich auch beim spielerischen Einstieg in ROBOTICS (Roboterprogrammierung und -Coding) mit <strong>Lego Mindstorms<\/strong> wider. <br>Roboter werden<br>* gebaut (analog)<br>* mittels Apps programmiert (digital)<\/p>\n<p>Alle Sch\u00fcler:innen unserer Schule k\u00f6nnen an der <a href=\"http:\/\/62.218.72.186\/wordpress\/index.php\/unsere-weiteren\/unverbindliche-ubungen\/robotics\/\">Unverbindlichen \u00dcbung Robotics<\/a> teilnehmen, dort programmieren und auch an Wettebewerben teilnehmen.<\/p>\n<p>In den ePOWER-Klassen kommen die Legoroboter vermehrt zum Einsatz im f\u00e4cher\u00fcbergreifenden <strong>Regelunterricht<\/strong> &#8211; die Sch\u00fclerInnen erforschen verschiedene Ph\u00e4nomene mit Hilfe der Roboter (Beispiele: <span style=\"font-size: 12pt;\"><a title=\"Fast forward mit Robotics!\" href=\"http:\/\/62.218.72.186\/wordpress\/index.php\/fast-forward-mit-robotics\/\" rel=\"bookmark\">Fast forward mit Robotics!<\/a><\/span><span style=\"font-size: 12pt;\">, <\/span><span style=\"font-size: 12pt;\"><a title=\"Technik kreativ!\" href=\"http:\/\/62.218.72.186\/wordpress\/index.php\/technik-kreativ\/\" rel=\"bookmark\">Technik kreativ)<\/a>.<\/span><\/p>\n<p>=&gt; <a href=\"http:\/\/62.218.72.186\/wordpress\/index.php\/category\/zusatzangebote\/robotics\/\">MEHR<\/a><\/p>\n<p>&nbsp;<\/p>\n<p>&nbsp;<\/p>\n","protected":false},"excerpt":{"rendered":"<p>Das digiloge Prinzip spiegelt sich auch beim spielerischen Einstieg in ROBOTICS (Roboterprogrammierung und -Coding) mit Lego Mindstorms wider. Roboter werden* gebaut (analog)* mittels Apps programmiert (digital) Alle Sch\u00fcler:innen unserer Schule k\u00f6nnen an der Unverbindlichen \u00dcbung Robotics teilnehmen, dort programmieren und auch an Wettebewerben teilnehmen. In den ePOWER-Klassen kommen die Legoroboter vermehrt zum Einsatz im f\u00e4cher\u00fcbergreifenden [&hellip;]<\/p>\n","protected":false},"author":47,"featured_media":0,"parent":26807,"menu_order":4,"comment_status":"closed","ping_status":"closed","template":"","meta":{"ngg_post_thumbnail":0,"footnotes":""},"class_list":["post-26800","page","type-page","status-publish","hentry"],"_links":{"self":[{"href":"https:\/\/www.mint2000.at\/Wordpress\/index.php\/wp-json\/wp\/v2\/pages\/26800","targetHints":{"allow":["GET"]}}],"collection":[{"href":"https:\/\/www.mint2000.at\/Wordpress\/index.php\/wp-json\/wp\/v2\/pages"}],"about":[{"href":"https:\/\/www.mint2000.at\/Wordpress\/index.php\/wp-json\/wp\/v2\/types\/page"}],"author":[{"embeddable":true,"href":"https:\/\/www.mint2000.at\/Wordpress\/index.php\/wp-json\/wp\/v2\/users\/47"}],"replies":[{"embeddable":true,"href":"https:\/\/www.mint2000.at\/Wordpress\/index.php\/wp-json\/wp\/v2\/comments?post=26800"}],"version-history":[{"count":1,"href":"https:\/\/www.mint2000.at\/Wordpress\/index.php\/wp-json\/wp\/v2\/pages\/26800\/revisions"}],"predecessor-version":[{"id":35095,"href":"https:\/\/www.mint2000.at\/Wordpress\/index.php\/wp-json\/wp\/v2\/pages\/26800\/revisions\/35095"}],"up":[{"embeddable":true,"href":"https:\/\/www.mint2000.at\/Wordpress\/index.php\/wp-json\/wp\/v2\/pages\/26807"}],"wp:attachment":[{"href":"https:\/\/www.mint2000.at\/Wordpress\/index.php\/wp-json\/wp\/v2\/media?parent=26800"}],"curies":[{"name":"wp","href":"https:\/\/api.w.org\/{rel}","templated":true}]}}