{"id":28626,"date":"2021-10-23T23:49:45","date_gmt":"2021-10-23T21:49:45","guid":{"rendered":"http:\/\/62.218.72.186\/wordpress\/?page_id=28626"},"modified":"2022-11-01T09:11:46","modified_gmt":"2022-11-01T08:11:46","slug":"unser-ziel-als-mint-schwerpunktschule-2","status":"publish","type":"page","link":"https:\/\/www.mint2000.at\/Wordpress\/index.php\/erfolge\/mint-power-klassen\/unser-ziel-als-mint-schwerpunktschule-2\/","title":{"rendered":"MINT-Konzept : Was hei\u00dft das?"},"content":{"rendered":"\n<p>&nbsp;<\/p>\n<p><img loading=\"lazy\" decoding=\"async\" class=\"aligncenter  wp-image-32568\" src=\"http:\/\/62.218.72.186\/wordpress\/wp-content\/uploads\/2022\/10\/Bild-4.png\" alt=\"\" width=\"618\" height=\"615\" srcset=\"https:\/\/www.mint2000.at\/Wordpress\/wp-content\/uploads\/2022\/10\/Bild-4.png 714w, https:\/\/www.mint2000.at\/Wordpress\/wp-content\/uploads\/2022\/10\/Bild-4-300x300.png 300w, https:\/\/www.mint2000.at\/Wordpress\/wp-content\/uploads\/2022\/10\/Bild-4-150x150.png 150w, https:\/\/www.mint2000.at\/Wordpress\/wp-content\/uploads\/2022\/10\/Bild-4-151x150.png 151w, https:\/\/www.mint2000.at\/Wordpress\/wp-content\/uploads\/2022\/10\/Bild-4-400x398.png 400w\" sizes=\"auto, (max-width: 618px) 100vw, 618px\" \/><\/p>\n<p>In den Schwerpunktstunden, die jeweils zus\u00e4tzlich zu den MINT- Stunden in einer Jahrgangsstufe stattfinden, werden spezielle Projekte umgesetzt, die MINT mit dem jeweiligen Unterrichtsfach kombinieren.&nbsp;<\/p>\n<p><img loading=\"lazy\" decoding=\"async\" class=\"aligncenter  wp-image-32570\" src=\"http:\/\/62.218.72.186\/wordpress\/wp-content\/uploads\/2022\/10\/Prasentation_Schwerpunkte_Schwerpunktstunden.jpg\" alt=\"\" width=\"587\" height=\"330\" srcset=\"https:\/\/www.mint2000.at\/Wordpress\/wp-content\/uploads\/2022\/10\/Prasentation_Schwerpunkte_Schwerpunktstunden.jpg 1280w, https:\/\/www.mint2000.at\/Wordpress\/wp-content\/uploads\/2022\/10\/Prasentation_Schwerpunkte_Schwerpunktstunden-300x169.jpg 300w, https:\/\/www.mint2000.at\/Wordpress\/wp-content\/uploads\/2022\/10\/Prasentation_Schwerpunkte_Schwerpunktstunden-1024x576.jpg 1024w, https:\/\/www.mint2000.at\/Wordpress\/wp-content\/uploads\/2022\/10\/Prasentation_Schwerpunkte_Schwerpunktstunden-150x84.jpg 150w, https:\/\/www.mint2000.at\/Wordpress\/wp-content\/uploads\/2022\/10\/Prasentation_Schwerpunkte_Schwerpunktstunden-200x113.jpg 200w, https:\/\/www.mint2000.at\/Wordpress\/wp-content\/uploads\/2022\/10\/Prasentation_Schwerpunkte_Schwerpunktstunden-400x225.jpg 400w\" sizes=\"auto, (max-width: 587px) 100vw, 587px\" \/><\/p>\n<p>In der Schwerpunktstunde <span style=\"font-size: 14pt;\"><strong>TeamMIX<\/strong> <\/span>wird besonderer Wert auf den Zusammenhalt der Klasse gelegt. Auch St\u00e4rken und Schw\u00e4chen sollen erkannt und unterst\u00fctzt werden. Dabei hilft ein <a href=\"https:\/\/epop.at\/index.php?id=58\">ePortfolio<\/a>!<\/p>\n<p><a href=\"http:\/\/62.218.72.186\/wordpress\/index.php\/epower-projekttage-teil-3\/?preview_id=24810&amp;preview_nonce=3a1156e1f6&amp;preview=true&amp;_thumbnail_id=24814\">1ePower Kennenlerntage Teil3 -Informatik-Mittelschule<\/a><br><a href=\"http:\/\/62.218.72.186\/wordpress\/index.php\/power-nicht-nur-beim-e\/\">Power nicht nur beim e! -Informatik-Mittelschule<\/a><\/p>\n<p>Beispiele aus <strong><span style=\"font-size: 14pt;\">MusiX:<\/span>&nbsp;<\/strong><\/p>\n<p><a href=\"http:\/\/62.218.72.186\/wordpress\/index.php\/weihnachtliche-klanggeschichte\/\">Weihnachtliche Klanggeschichte -Informatik-Mittelschule<\/a><br><a href=\"http:\/\/62.218.72.186\/wordpress\/index.php\/komponistinnen-podcast\/\">Komponist:innen Podcast -Informatik-Mittelschule<\/a><br><a href=\"http:\/\/62.218.72.186\/wordpress\/index.php\/alle-meine-entchen-2-0\/\">Alle meine Entchen 2.0! -Informatik-Mittelschule<\/a><\/p>\n<p><img loading=\"lazy\" decoding=\"async\" class=\"aligncenter  wp-image-32571\" src=\"http:\/\/62.218.72.186\/wordpress\/wp-content\/uploads\/2022\/10\/Prasentation_Schwerpunkte_Schwerpunktstunden_1.jpg\" alt=\"\" width=\"560\" height=\"315\" srcset=\"https:\/\/www.mint2000.at\/Wordpress\/wp-content\/uploads\/2022\/10\/Prasentation_Schwerpunkte_Schwerpunktstunden_1.jpg 1280w, https:\/\/www.mint2000.at\/Wordpress\/wp-content\/uploads\/2022\/10\/Prasentation_Schwerpunkte_Schwerpunktstunden_1-300x169.jpg 300w, https:\/\/www.mint2000.at\/Wordpress\/wp-content\/uploads\/2022\/10\/Prasentation_Schwerpunkte_Schwerpunktstunden_1-1024x576.jpg 1024w, https:\/\/www.mint2000.at\/Wordpress\/wp-content\/uploads\/2022\/10\/Prasentation_Schwerpunkte_Schwerpunktstunden_1-150x84.jpg 150w, https:\/\/www.mint2000.at\/Wordpress\/wp-content\/uploads\/2022\/10\/Prasentation_Schwerpunkte_Schwerpunktstunden_1-200x113.jpg 200w, https:\/\/www.mint2000.at\/Wordpress\/wp-content\/uploads\/2022\/10\/Prasentation_Schwerpunkte_Schwerpunktstunden_1-400x225.jpg 400w\" sizes=\"auto, (max-width: 560px) 100vw, 560px\" \/><\/p>\n<p>Beispiele <strong><span style=\"font-size: 14pt;\">SprachMIX<\/span>:&nbsp;<br><\/strong>eSprache ist Programm: <a href=\"http:\/\/62.218.72.186\/wordpress\/index.php\/virtuelle-schulfuhrung\/\">Virtuelle Schulf\u00fchrung -Informatik-Mittelschule<\/a><br>M\u00e4rchen erz\u00e4hlen mit <a href=\"https:\/\/cospaces.io\/edu\/\">CoSpacesEdu<\/a>:<\/p>\nngg_shortcode_0_placeholder\n","protected":false},"excerpt":{"rendered":"<p>&nbsp; In den Schwerpunktstunden, die jeweils zus\u00e4tzlich zu den MINT- Stunden in einer Jahrgangsstufe stattfinden, werden spezielle Projekte umgesetzt, die MINT mit dem jeweiligen Unterrichtsfach kombinieren.&nbsp; In der Schwerpunktstunde TeamMIX wird besonderer Wert auf den Zusammenhalt der Klasse gelegt. Auch St\u00e4rken und Schw\u00e4chen sollen erkannt und unterst\u00fctzt werden. Dabei hilft ein ePortfolio! 1ePower Kennenlerntage Teil3 [&hellip;]<\/p>\n","protected":false},"author":47,"featured_media":0,"parent":28589,"menu_order":0,"comment_status":"closed","ping_status":"closed","template":"","meta":{"ngg_post_thumbnail":0,"footnotes":""},"class_list":["post-28626","page","type-page","status-publish","hentry"],"_links":{"self":[{"href":"https:\/\/www.mint2000.at\/Wordpress\/index.php\/wp-json\/wp\/v2\/pages\/28626","targetHints":{"allow":["GET"]}}],"collection":[{"href":"https:\/\/www.mint2000.at\/Wordpress\/index.php\/wp-json\/wp\/v2\/pages"}],"about":[{"href":"https:\/\/www.mint2000.at\/Wordpress\/index.php\/wp-json\/wp\/v2\/types\/page"}],"author":[{"embeddable":true,"href":"https:\/\/www.mint2000.at\/Wordpress\/index.php\/wp-json\/wp\/v2\/users\/47"}],"replies":[{"embeddable":true,"href":"https:\/\/www.mint2000.at\/Wordpress\/index.php\/wp-json\/wp\/v2\/comments?post=28626"}],"version-history":[{"count":0,"href":"https:\/\/www.mint2000.at\/Wordpress\/index.php\/wp-json\/wp\/v2\/pages\/28626\/revisions"}],"up":[{"embeddable":true,"href":"https:\/\/www.mint2000.at\/Wordpress\/index.php\/wp-json\/wp\/v2\/pages\/28589"}],"wp:attachment":[{"href":"https:\/\/www.mint2000.at\/Wordpress\/index.php\/wp-json\/wp\/v2\/media?parent=28626"}],"curies":[{"name":"wp","href":"https:\/\/api.w.org\/{rel}","templated":true}]}}