{"id":28655,"date":"2021-10-24T01:58:37","date_gmt":"2021-10-23T23:58:37","guid":{"rendered":"http:\/\/62.218.72.186\/wordpress\/?page_id=28655"},"modified":"2025-10-04T17:36:35","modified_gmt":"2025-10-04T15:36:35","slug":"expertinnen-auf-unserem-gebiet","status":"publish","type":"page","link":"https:\/\/www.mint2000.at\/Wordpress\/index.php\/medienkompetenz\/expertinnen-auf-unserem-gebiet\/","title":{"rendered":"Expert:innen auf unserem Gebiet"},"content":{"rendered":"\n\n\n<p><img loading=\"lazy\" decoding=\"async\" class=\"alignnone wp-image-28656\" src=\"http:\/\/62.218.72.186\/wordpress\/wp-content\/uploads\/2021\/10\/expertInnen-300x135.png\" alt=\"\" width=\"550\" height=\"247\" srcset=\"https:\/\/www.mint2000.at\/Wordpress\/wp-content\/uploads\/2021\/10\/expertInnen-300x135.png 300w, https:\/\/www.mint2000.at\/Wordpress\/wp-content\/uploads\/2021\/10\/expertInnen-150x67.png 150w, https:\/\/www.mint2000.at\/Wordpress\/wp-content\/uploads\/2021\/10\/expertInnen-200x90.png 200w, https:\/\/www.mint2000.at\/Wordpress\/wp-content\/uploads\/2021\/10\/expertInnen-400x180.png 400w, https:\/\/www.mint2000.at\/Wordpress\/wp-content\/uploads\/2021\/10\/expertInnen.png 865w\" sizes=\"auto, (max-width: 550px) 100vw, 550px\" \/><\/p>\n<p>&nbsp;<\/p>\n<p>Bereits <strong>1990<\/strong> hat unsere<strong> digitale Reise<\/strong> mit der Errichtung des Informatikraums <strong>begonnen<\/strong>, 2009 er\u00f6ffneten wir die erste Notebook-Klasse. Das hei\u00dft, schon <strong>seit \u00fcber 30 Jahren entwickeln wir unser digitales Konzept p\u00e4dagogisch weiter<\/strong>.<br>2019 wurde die Informatik-Mittelschule <a href=\"http:\/\/62.218.72.186\/wordpress\/index.php\/erfolge\/microsoft-showcase-school\/\" data-wplink-edit=\"true\">MICROSOFT SHOWCASE SCHOOL<\/a>, eine von nur 4 Schulen in ganz \u00d6sterreich, darunter auch Oberstufenschulen.<\/p>\n<p>Unsere derzeitigen Schwerpunkte liegen schon seit mehreren Jahren im Einsatz der Arbeitsumgebung Microsoft Office 365, sowie des Einsatzes digitaler Devices mit Stifteingabe.<br><strong>Unser Konzept erstreckt sich \u00fcber alle vier Schulstufen,<\/strong> schon ab der ersten Klasse arbeiten unsere Sch\u00fcler:innen interaktiv auf unterschiedlichste Weise.<\/p>\n","protected":false},"excerpt":{"rendered":"<p>&nbsp; Bereits 1990 hat unsere digitale Reise mit der Errichtung des Informatikraums begonnen, 2009 er\u00f6ffneten wir die erste Notebook-Klasse. Das hei\u00dft, schon seit \u00fcber 30 Jahren entwickeln wir unser digitales Konzept p\u00e4dagogisch weiter.2019 wurde die Informatik-Mittelschule MICROSOFT SHOWCASE SCHOOL, eine von nur 4 Schulen in ganz \u00d6sterreich, darunter auch Oberstufenschulen. Unsere derzeitigen Schwerpunkte liegen schon [&hellip;]<\/p>\n","protected":false},"author":47,"featured_media":0,"parent":26807,"menu_order":1,"comment_status":"closed","ping_status":"closed","template":"","meta":{"ngg_post_thumbnail":0,"footnotes":""},"class_list":["post-28655","page","type-page","status-publish","hentry"],"_links":{"self":[{"href":"https:\/\/www.mint2000.at\/Wordpress\/index.php\/wp-json\/wp\/v2\/pages\/28655","targetHints":{"allow":["GET"]}}],"collection":[{"href":"https:\/\/www.mint2000.at\/Wordpress\/index.php\/wp-json\/wp\/v2\/pages"}],"about":[{"href":"https:\/\/www.mint2000.at\/Wordpress\/index.php\/wp-json\/wp\/v2\/types\/page"}],"author":[{"embeddable":true,"href":"https:\/\/www.mint2000.at\/Wordpress\/index.php\/wp-json\/wp\/v2\/users\/47"}],"replies":[{"embeddable":true,"href":"https:\/\/www.mint2000.at\/Wordpress\/index.php\/wp-json\/wp\/v2\/comments?post=28655"}],"version-history":[{"count":1,"href":"https:\/\/www.mint2000.at\/Wordpress\/index.php\/wp-json\/wp\/v2\/pages\/28655\/revisions"}],"predecessor-version":[{"id":35091,"href":"https:\/\/www.mint2000.at\/Wordpress\/index.php\/wp-json\/wp\/v2\/pages\/28655\/revisions\/35091"}],"up":[{"embeddable":true,"href":"https:\/\/www.mint2000.at\/Wordpress\/index.php\/wp-json\/wp\/v2\/pages\/26807"}],"wp:attachment":[{"href":"https:\/\/www.mint2000.at\/Wordpress\/index.php\/wp-json\/wp\/v2\/media?parent=28655"}],"curies":[{"name":"wp","href":"https:\/\/api.w.org\/{rel}","templated":true}]}}