{"id":28661,"date":"2021-10-24T02:12:29","date_gmt":"2021-10-24T00:12:29","guid":{"rendered":"http:\/\/62.218.72.186\/wordpress\/?page_id=28661"},"modified":"2025-10-04T18:13:15","modified_gmt":"2025-10-04T16:13:15","slug":"ziele-padagogisches-profil-themen","status":"publish","type":"page","link":"https:\/\/www.mint2000.at\/Wordpress\/index.php\/schulprofil\/ziele-padagogisches-profil-themen\/","title":{"rendered":"Ziele &#8211; P\u00e4dag. Profil &#8211; Themen"},"content":{"rendered":"\n<p>In einer positiven und angenehmen Lernatmosph\u00e4re (vier Jahre im gleichen Klassenverband, Unterricht in Kleingruppen in allen Schularbeitsf\u00e4chern) schaffen wir f\u00fcr unsere Sch\u00fcler:innen<\/p>\n<ul>\n<li>die Grundlagen f\u00fcr den \u00dcbertritt in weiterf\u00fchrende H\u00f6here und Mittlere Schulen (HAK, HTL, AHS Oberstufe, HBLA, HAS, &#8230;) bzw.<\/li>\n<li>optimale Voraussetzungen f\u00fcr Lehrberufe<\/li>\n<\/ul>\n<p><img loading=\"lazy\" decoding=\"async\" class=\"alignnone wp-image-28662\" src=\"http:\/\/62.218.72.186\/wordpress\/wp-content\/uploads\/2021\/10\/Folie2-300x169.jpg\" alt=\"\" width=\"550\" height=\"309\" srcset=\"https:\/\/www.mint2000.at\/Wordpress\/wp-content\/uploads\/2021\/10\/Folie2-300x169.jpg 300w, https:\/\/www.mint2000.at\/Wordpress\/wp-content\/uploads\/2021\/10\/Folie2-1024x576.jpg 1024w, https:\/\/www.mint2000.at\/Wordpress\/wp-content\/uploads\/2021\/10\/Folie2-150x84.jpg 150w, https:\/\/www.mint2000.at\/Wordpress\/wp-content\/uploads\/2021\/10\/Folie2-200x113.jpg 200w, https:\/\/www.mint2000.at\/Wordpress\/wp-content\/uploads\/2021\/10\/Folie2-400x225.jpg 400w, https:\/\/www.mint2000.at\/Wordpress\/wp-content\/uploads\/2021\/10\/Folie2.jpg 1280w\" sizes=\"auto, (max-width: 550px) 100vw, 550px\" \/><\/p>\n<p><img loading=\"lazy\" decoding=\"async\" class=\"alignnone wp-image-28663\" src=\"http:\/\/62.218.72.186\/wordpress\/wp-content\/uploads\/2021\/10\/Folie3-300x169.jpg\" alt=\"\" width=\"550\" height=\"309\" srcset=\"https:\/\/www.mint2000.at\/Wordpress\/wp-content\/uploads\/2021\/10\/Folie3-300x169.jpg 300w, https:\/\/www.mint2000.at\/Wordpress\/wp-content\/uploads\/2021\/10\/Folie3-1024x576.jpg 1024w, https:\/\/www.mint2000.at\/Wordpress\/wp-content\/uploads\/2021\/10\/Folie3-150x84.jpg 150w, https:\/\/www.mint2000.at\/Wordpress\/wp-content\/uploads\/2021\/10\/Folie3-200x113.jpg 200w, https:\/\/www.mint2000.at\/Wordpress\/wp-content\/uploads\/2021\/10\/Folie3-400x225.jpg 400w, https:\/\/www.mint2000.at\/Wordpress\/wp-content\/uploads\/2021\/10\/Folie3.jpg 1280w\" sizes=\"auto, (max-width: 550px) 100vw, 550px\" \/><\/p>\n<p><img loading=\"lazy\" decoding=\"async\" class=\"alignnone wp-image-28664\" src=\"http:\/\/62.218.72.186\/wordpress\/wp-content\/uploads\/2021\/10\/Folie7-300x169.jpg\" alt=\"\" width=\"550\" height=\"309\" srcset=\"https:\/\/www.mint2000.at\/Wordpress\/wp-content\/uploads\/2021\/10\/Folie7-300x169.jpg 300w, https:\/\/www.mint2000.at\/Wordpress\/wp-content\/uploads\/2021\/10\/Folie7-1024x576.jpg 1024w, https:\/\/www.mint2000.at\/Wordpress\/wp-content\/uploads\/2021\/10\/Folie7-150x84.jpg 150w, https:\/\/www.mint2000.at\/Wordpress\/wp-content\/uploads\/2021\/10\/Folie7-200x113.jpg 200w, https:\/\/www.mint2000.at\/Wordpress\/wp-content\/uploads\/2021\/10\/Folie7-400x225.jpg 400w, https:\/\/www.mint2000.at\/Wordpress\/wp-content\/uploads\/2021\/10\/Folie7.jpg 1280w\" sizes=\"auto, (max-width: 550px) 100vw, 550px\" \/><\/p>\n","protected":false},"excerpt":{"rendered":"<p>In einer positiven und angenehmen Lernatmosph\u00e4re (vier Jahre im gleichen Klassenverband, Unterricht in Kleingruppen in allen Schularbeitsf\u00e4chern) schaffen wir f\u00fcr unsere Sch\u00fcler:innen die Grundlagen f\u00fcr den \u00dcbertritt in weiterf\u00fchrende H\u00f6here und Mittlere Schulen (HAK, HTL, AHS Oberstufe, HBLA, HAS, &#8230;) bzw. optimale Voraussetzungen f\u00fcr Lehrberufe<\/p>\n","protected":false},"author":47,"featured_media":0,"parent":26556,"menu_order":5,"comment_status":"closed","ping_status":"closed","template":"","meta":{"ngg_post_thumbnail":0,"footnotes":""},"class_list":["post-28661","page","type-page","status-publish","hentry"],"_links":{"self":[{"href":"https:\/\/www.mint2000.at\/Wordpress\/index.php\/wp-json\/wp\/v2\/pages\/28661","targetHints":{"allow":["GET"]}}],"collection":[{"href":"https:\/\/www.mint2000.at\/Wordpress\/index.php\/wp-json\/wp\/v2\/pages"}],"about":[{"href":"https:\/\/www.mint2000.at\/Wordpress\/index.php\/wp-json\/wp\/v2\/types\/page"}],"author":[{"embeddable":true,"href":"https:\/\/www.mint2000.at\/Wordpress\/index.php\/wp-json\/wp\/v2\/users\/47"}],"replies":[{"embeddable":true,"href":"https:\/\/www.mint2000.at\/Wordpress\/index.php\/wp-json\/wp\/v2\/comments?post=28661"}],"version-history":[{"count":3,"href":"https:\/\/www.mint2000.at\/Wordpress\/index.php\/wp-json\/wp\/v2\/pages\/28661\/revisions"}],"predecessor-version":[{"id":43953,"href":"https:\/\/www.mint2000.at\/Wordpress\/index.php\/wp-json\/wp\/v2\/pages\/28661\/revisions\/43953"}],"up":[{"embeddable":true,"href":"https:\/\/www.mint2000.at\/Wordpress\/index.php\/wp-json\/wp\/v2\/pages\/26556"}],"wp:attachment":[{"href":"https:\/\/www.mint2000.at\/Wordpress\/index.php\/wp-json\/wp\/v2\/media?parent=28661"}],"curies":[{"name":"wp","href":"https:\/\/api.w.org\/{rel}","templated":true}]}}