{"id":3604,"date":"2015-04-08T07:51:02","date_gmt":"2015-04-08T05:51:02","guid":{"rendered":"http:\/\/62.218.72.186\/wordpress\/?page_id=3604"},"modified":"2023-05-26T17:45:58","modified_gmt":"2023-05-26T15:45:58","slug":"mahara","status":"publish","type":"page","link":"https:\/\/www.mint2000.at\/Wordpress\/index.php\/medienkompetenz\/weitere-auszeichnungen\/mahara\/","title":{"rendered":"Mahara"},"content":{"rendered":"<p><span style=\"font-family: helvetica; font-size: 12pt;\">Seit J\u00e4nner 2015 verwendet die Neue Nieder\u00f6sterreichische Informatik- Mittelschule Stockerau die e-Portfolio Plattform <a href=\"http:\/\/62.218.72.186\/mahara-1.10.2\/\">Mahara.<\/a><\/span><\/p>\n<p><a href=\"http:\/\/62.218.72.186\/mahara-1.10.2\/\"><img loading=\"lazy\" decoding=\"async\" class=\"aligncenter  wp-image-3608\" src=\"http:\/\/62.218.72.186\/wordpress\/wp-content\/uploads\/2015\/04\/Mahara_logo.png\" alt=\"Mahara_logo\" width=\"374\" height=\"153\" srcset=\"https:\/\/www.mint2000.at\/Wordpress\/wp-content\/uploads\/2015\/04\/Mahara_logo.png 2001w, https:\/\/www.mint2000.at\/Wordpress\/wp-content\/uploads\/2015\/04\/Mahara_logo-300x123.png 300w, https:\/\/www.mint2000.at\/Wordpress\/wp-content\/uploads\/2015\/04\/Mahara_logo-1024x419.png 1024w, https:\/\/www.mint2000.at\/Wordpress\/wp-content\/uploads\/2015\/04\/Mahara_logo-400x164.png 400w\" sizes=\"auto, (max-width: 374px) 100vw, 374px\" \/><\/a><\/p>\n<p><span style=\"font-family: helvetica; font-size: 12pt;\">Dies Plattform ist im Zuge eines neuseel\u00e4ndischen Projektes entwickelt worden&nbsp;und ist eine modulare Open Source Software.&nbsp;Sie dient zum Erstellen von Ansichten und Sammeln von Daten.<\/span><\/p>\n<p><span style=\"font-family: helvetica; font-size: 12pt;\">Die Sch\u00fcler:innen k\u00f6nnen Arbeitsmaterialien hochladen und Arbeits-, sowie Pr\u00e4sentationsportfolios erstellen. Die Anmeldung ist nur f\u00fcr Sch\u00fcler:innen der Informatik Mittelschule Stockerau m\u00f6glich. Eine Selbstregistrierung ist daher nicht m\u00f6glich.<\/span><\/p>\n<p><span style=\"font-family: helvetica; font-size: 12pt;\">Erfahren Sie mehr in diesem <a href=\"http:\/\/edulearning.at\/maharatutorial\/index.html\">Mahara Tutorial<\/a>. <\/span><\/p>\n<p>&nbsp;<\/p>\n","protected":false},"excerpt":{"rendered":"<p>Seit J\u00e4nner 2015 verwendet die Neue Nieder\u00f6sterreichische Informatik- Mittelschule Stockerau die e-Portfolio Plattform Mahara. Dies Plattform ist im Zuge eines neuseel\u00e4ndischen Projektes entwickelt worden&nbsp;und ist eine modulare Open Source Software.&nbsp;Sie dient zum Erstellen von Ansichten und Sammeln von Daten. Die Sch\u00fcler:innen k\u00f6nnen Arbeitsmaterialien hochladen und Arbeits-, sowie Pr\u00e4sentationsportfolios erstellen. Die Anmeldung ist nur f\u00fcr Sch\u00fcler:innen [&hellip;]<\/p>\n","protected":false},"author":3,"featured_media":0,"parent":26523,"menu_order":5,"comment_status":"closed","ping_status":"open","template":"","meta":{"ngg_post_thumbnail":0,"footnotes":""},"class_list":["post-3604","page","type-page","status-publish","hentry"],"_links":{"self":[{"href":"https:\/\/www.mint2000.at\/Wordpress\/index.php\/wp-json\/wp\/v2\/pages\/3604","targetHints":{"allow":["GET"]}}],"collection":[{"href":"https:\/\/www.mint2000.at\/Wordpress\/index.php\/wp-json\/wp\/v2\/pages"}],"about":[{"href":"https:\/\/www.mint2000.at\/Wordpress\/index.php\/wp-json\/wp\/v2\/types\/page"}],"author":[{"embeddable":true,"href":"https:\/\/www.mint2000.at\/Wordpress\/index.php\/wp-json\/wp\/v2\/users\/3"}],"replies":[{"embeddable":true,"href":"https:\/\/www.mint2000.at\/Wordpress\/index.php\/wp-json\/wp\/v2\/comments?post=3604"}],"version-history":[{"count":1,"href":"https:\/\/www.mint2000.at\/Wordpress\/index.php\/wp-json\/wp\/v2\/pages\/3604\/revisions"}],"predecessor-version":[{"id":35098,"href":"https:\/\/www.mint2000.at\/Wordpress\/index.php\/wp-json\/wp\/v2\/pages\/3604\/revisions\/35098"}],"up":[{"embeddable":true,"href":"https:\/\/www.mint2000.at\/Wordpress\/index.php\/wp-json\/wp\/v2\/pages\/26523"}],"wp:attachment":[{"href":"https:\/\/www.mint2000.at\/Wordpress\/index.php\/wp-json\/wp\/v2\/media?parent=3604"}],"curies":[{"name":"wp","href":"https:\/\/api.w.org\/{rel}","templated":true}]}}