{"id":3953,"date":"2015-10-27T14:36:28","date_gmt":"2015-10-27T13:36:28","guid":{"rendered":"http:\/\/62.218.72.186\/wordpress\/?page_id=3953"},"modified":"2023-12-11T23:11:31","modified_gmt":"2023-12-11T22:11:31","slug":"infos-klassen-20142015","status":"publish","type":"page","link":"https:\/\/www.mint2000.at\/Wordpress\/index.php\/unsere-schule\/klassen\/infos-klassen-20142015\/","title":{"rendered":"Klassen 2020\/21"},"content":{"rendered":"<table style=\"width: 101.353%; height: 479px;\" border=\"1\" width=\"600\" cellspacing=\"1\" cellpadding=\"1\" align=\"center\">\n<tbody>\n<tr style=\"height: 43px;\" valign=\"top\">\n<td style=\"height: 43px; width: 10.8417%;\" valign=\"top\" width=\"22\"><strong>Klasse<\/strong><\/td>\n<td style=\"height: 43px; width: 16.9757%;\" width=\"146\"><strong>Klassen-<br \/>\nvorstand<\/strong><\/td>\n<td style=\"height: 43px; width: 15.264%;\" valign=\"top\" width=\"130\"><strong>Klassen-<br \/>\neltern-<br \/>\nvertreter<\/strong><\/td>\n<td style=\"height: 43px; width: 16.2624%;\" valign=\"top\" width=\"130\"><strong><strong>Stv. Klassen-eltern-vertreter&nbsp;<\/strong><\/strong><\/td>\n<td style=\"height: 43px; width: 20.5012%;\" valign=\"top\" width=\"144\"><strong>Klassensprecher<\/strong><a href=\"http:\/\/62.218.72.186\/wordpress\/wp-content\/uploads\/2015\/05\/2c.jpg\"><strong><br \/>\n<\/strong><\/a><strong>Klassensprecherstv<\/strong><strong>.<\/strong><\/td>\n<\/tr>\n<tr style=\"height: 43px;\">\n<td style=\"height: 43px; width: 10.8417%;\">1ePower<\/td>\n<td style=\"height: 43px; width: 16.9757%;\">Gerda<br \/>\nKlingler<\/td>\n<td style=\"height: 43px; width: 15.264%;\"><span class=\"NormalTextRun SCXW150555104 BCX9\">DI Uli<br \/>\n&nbsp;<\/span><span class=\"NormalTextRun SpellingErrorV2 SpellingErrorHighlight SCXW150555104 BCX9\">Rokita<\/span><\/td>\n<td style=\"height: 43px; width: 16.2624%;\">Daniela<br \/>\nLechner<\/td>\n<td style=\"height: 43px; width: 20.5012%;\"><span class=\"TextRun SCXW185134634 BCX9\" lang=\"DE-DE\" xml:lang=\"DE-DE\" data-contrast=\"auto\"><span class=\"NormalTextRun SCXW185134634 BCX9\">Viktor Marinkovic<\/span><\/span><span class=\"EOP SCXW185134634 BCX9\" data-ccp-props=\"{&quot;201341983&quot;:0,&quot;335551550&quot;:2,&quot;335551620&quot;:2,&quot;335559740&quot;:259}\">&nbsp;<br \/>\n<span class=\"TextRun SCXW125647046 BCX9\" lang=\"DE-DE\" xml:lang=\"DE-DE\" data-contrast=\"auto\"><span class=\"NormalTextRun SCXW125647046 BCX9\">Diana&nbsp;<\/span><span class=\"NormalTextRun SpellingErrorV2 SpellingErrorHighlight SCXW125647046 BCX9\">Ptacek<\/span><\/span><span class=\"EOP SCXW125647046 BCX9\" data-ccp-props=\"{&quot;201341983&quot;:0,&quot;335551550&quot;:2,&quot;335551620&quot;:2,&quot;335559740&quot;:259}\">&nbsp;<\/span><\/span><\/td>\n<\/tr>\n<tr style=\"height: 92px;\">\n<td style=\"height: 92px; width: 10.8417%;\">1eFit<\/td>\n<td style=\"height: 92px; width: 16.9757%;\">Dagmar<br \/>\nUngrad<\/td>\n<td style=\"height: 92px; width: 15.264%;\"><span class=\"TextRun SCXW18716919 BCX9\" lang=\"DE-DE\" xml:lang=\"DE-DE\" data-contrast=\"auto\"><span class=\"NormalTextRun SCXW18716919 BCX9\">Ramona<br \/>\n<\/span><\/span><span class=\"TextRun SCXW18716919 BCX9\" lang=\"DE-DE\" xml:lang=\"DE-DE\" data-contrast=\"auto\"><span class=\"NormalTextRun SpellingErrorV2  SCXW18716919 BCX9 DefaultHighlightTransition\">Korcsek<\/span><\/span><\/td>\n<td style=\"height: 92px; width: 16.2624%;\"><span class=\"TextRun  BCX9 SCXW120348074\" lang=\"DE-DE\" xml:lang=\"DE-DE\" data-contrast=\"auto\"><span class=\"NormalTextRun SpellingErrorV2  BCX9 DefaultHighlightTransition SpellingErrorHighlight SCXW120348074\">Nagihan<br \/>\n<\/span><\/span><span class=\"TextRun  BCX9 SCXW120348074\" lang=\"DE-DE\" xml:lang=\"DE-DE\" data-contrast=\"auto\"><span class=\"NormalTextRun  BCX9 SCXW120348074\">\u00d6zcan<\/span><\/span><\/td>\n<td style=\"height: 92px; width: 20.5012%;\"><span class=\"TextRun SCXW243940309 BCX9\" lang=\"DE-DE\" xml:lang=\"DE-DE\" data-contrast=\"auto\"><span class=\"NormalTextRun SpellingErrorV2 SCXW243940309 BCX9\">Jeannine H\u00f6tzenberger<\/span><span class=\"NormalTextRun SpellingErrorV2 SCXW243940309 BCX9\"><br \/>\n<\/span><\/span><span class=\"TextRun SCXW243940309 BCX9\" lang=\"DE-DE\" xml:lang=\"DE-DE\" data-contrast=\"auto\"><span class=\"NormalTextRun SpellingErrorV2 SCXW243940309 BCX9\"><span class=\"NormalTextRun SpellingErrorV2 SCXW195860021 BCX9\">Eldin Ramadanovic<\/span><\/span><\/span><span class=\"EOP SCXW243940309 BCX9\" data-ccp-props=\"{&quot;201341983&quot;:0,&quot;335551550&quot;:2,&quot;335551620&quot;:2,&quot;335559740&quot;:259}\">&nbsp;<\/span><\/td>\n<\/tr>\n<tr style=\"height: 43px;\">\n<td style=\"height: 43px; width: 10.8417%;\">1eFitI<\/td>\n<td style=\"height: 43px; width: 16.9757%;\">Irmgard<br \/>\nSteiner<\/td>\n<td style=\"height: 43px; width: 15.264%;\"><span class=\"TextRun SCXW34065341 BCX9\" lang=\"DE-DE\" xml:lang=\"DE-DE\" data-contrast=\"auto\"><span class=\"NormalTextRun SpellingErrorV2 SCXW34065341 BCX9\">Sandra<br \/>\nPrickl<br \/>\n<\/span><\/span><\/td>\n<td style=\"height: 43px; width: 16.2624%;\"><span class=\"TextRun SCXW192234568 BCX9\" lang=\"DE-DE\" xml:lang=\"DE-DE\" data-contrast=\"auto\"><span class=\"NormalTextRun SCXW192234568 BCX9\">Sandra<br \/>\nL\u00f6ffler<\/span><\/span><\/td>\n<td style=\"height: 43px; width: 20.5012%;\"><span class=\"NormalTextRun SpellingErrorV2  SCXW2287031 BCX9 DefaultHighlightTransition\"><span class=\"NormalTextRun SpellingErrorV2 SCXW211248386 BCX9\">Soror<\/span><span class=\"NormalTextRun SCXW211248386 BCX9\">&nbsp;<\/span><span class=\"NormalTextRun SpellingErrorV2 SpellingErrorHighlight SCXW211248386 BCX9\">Mansorzada<\/span><br \/>\n<span class=\"TextRun SCXW28219290 BCX9\" lang=\"DE-DE\" xml:lang=\"DE-DE\" data-contrast=\"auto\"><span class=\"NormalTextRun SCXW28219290 BCX9\">Kevin Knezevic<\/span><\/span><span class=\"EOP SCXW28219290 BCX9\" data-ccp-props=\"{&quot;201341983&quot;:0,&quot;335551550&quot;:2,&quot;335551620&quot;:2,&quot;335559740&quot;:259}\">&nbsp;<\/span><\/span><\/td>\n<\/tr>\n<tr style=\"height: 43px;\">\n<td style=\"height: 43px; width: 10.8417%;\">2ePower<\/td>\n<td style=\"height: 43px; width: 16.9757%;\">Claudia St\u00f6ckelmaier<\/td>\n<td style=\"height: 43px; width: 15.264%;\"><span class=\"TextRun SCXW222989511 BCX9\" lang=\"DE-DE\" xml:lang=\"DE-DE\" data-contrast=\"auto\"><span class=\"NormalTextRun SCXW222989511 BCX9\">Franz<br \/>\n<\/span><\/span><span class=\"TextRun SCXW222989511 BCX9\" lang=\"DE-DE\" xml:lang=\"DE-DE\" data-contrast=\"auto\"><span class=\"NormalTextRun SpellingErrorV2 SpellingErrorHighlight SCXW222989511 BCX9\">Kozlik<\/span><\/span><span class=\"EOP SCXW222989511 BCX9\" data-ccp-props=\"{&quot;201341983&quot;:0,&quot;335551550&quot;:2,&quot;335551620&quot;:2,&quot;335559740&quot;:259}\">&nbsp;<\/span><\/td>\n<td style=\"height: 43px; width: 16.2624%;\"><span class=\"TextRun SCXW153455726 BCX9\" lang=\"DE-DE\" xml:lang=\"DE-DE\" data-contrast=\"auto\"><span class=\"NormalTextRun SCXW153455726 BCX9\">Dagmar<br \/>\nLechner<\/span><\/span><span class=\"EOP SCXW153455726 BCX9\" data-ccp-props=\"{&quot;201341983&quot;:0,&quot;335551550&quot;:2,&quot;335551620&quot;:2,&quot;335559740&quot;:259}\">&nbsp;<\/span><\/td>\n<td style=\"height: 43px; width: 20.5012%;\"><span class=\"TextRun SCXW231194055 BCX9\" lang=\"DE-DE\" xml:lang=\"DE-DE\" data-contrast=\"auto\"><span class=\"NormalTextRun SCXW231194055 BCX9\">Matthias Schwarz<br \/>\n<span class=\"NormalTextRun SCXW149259429 BCX9\">Lukas&nbsp;<\/span><span class=\"NormalTextRun SpellingErrorV2 SpellingErrorHighlight SCXW149259429 BCX9\">Asanger<\/span><\/span><\/span><\/td>\n<\/tr>\n<tr style=\"height: 43px;\">\n<td style=\"height: 43px; width: 10.8417%;\">2eFit<\/td>\n<td style=\"height: 43px; width: 16.9757%;\">Astrid<br \/>\nKeiblinger<\/td>\n<td style=\"height: 43px; width: 15.264%;\"><span class=\"TextRun SCXW254014894 BCX9\" lang=\"DE-DE\" xml:lang=\"DE-DE\" data-contrast=\"auto\"><span class=\"NormalTextRun SCXW254014894 BCX9\">Elisabeth&nbsp;<br \/>\n<\/span><\/span><span class=\"TextRun SCXW254014894 BCX9\" lang=\"DE-DE\" xml:lang=\"DE-DE\" data-contrast=\"auto\"><span class=\"NormalTextRun SCXW254014894 BCX9\">Kellermann<\/span><\/span><\/td>\n<td style=\"height: 43px; width: 16.2624%;\"><span class=\"NormalTextRun SCXW93383985 BCX9\">Marion<br \/>\n<\/span><span class=\"NormalTextRun SpellingErrorV2 SCXW93383985 BCX9\">Asanger<\/span><\/td>\n<td style=\"height: 43px; width: 20.5012%;\"><span class=\"TextRun SCXW190649309 BCX9\" lang=\"DE-DE\" xml:lang=\"DE-DE\" data-contrast=\"auto\"><span class=\"NormalTextRun SCXW190649309 BCX9\">Raphael Seidl<br \/>\n<span class=\"TextRun SCXW41143862 BCX9\" lang=\"DE-DE\" xml:lang=\"DE-DE\" data-contrast=\"auto\"><span class=\"NormalTextRun SCXW41143862 BCX9\">John Richter<\/span><\/span><\/span><\/span><\/td>\n<\/tr>\n<tr style=\"height: 43px;\" align=\"left\">\n<td style=\"height: 43px; width: 10.8417%;\" valign=\"top\">3a<\/td>\n<td style=\"height: 43px; width: 16.9757%;\" valign=\"top\">Birgit<br \/>\nGraner<\/td>\n<td style=\"height: 43px; width: 15.264%;\" valign=\"top\">Natascha<br \/>\nSzell<\/td>\n<td style=\"height: 43px; width: 16.2624%;\" valign=\"top\">Gudrum<br \/>\nAzzam<\/td>\n<td style=\"height: 43px; width: 20.5012%;\" valign=\"top\"><span class=\"TextRun SCXW212481719 BCX9\" lang=\"DE-DE\" xml:lang=\"DE-DE\" data-contrast=\"auto\"><span class=\"NormalTextRun SCXW212481719 BCX9\">Chiara Szell *<br \/>\n<span class=\"TextRun SCXW113909411 BCX9\" lang=\"DE-DE\" xml:lang=\"DE-DE\" data-contrast=\"auto\"><span class=\"NormalTextRun SCXW113909411 BCX9\">Egzon&nbsp;<\/span><span class=\"NormalTextRun SpellingErrorV2 SCXW113909411 BCX9\">Camili<\/span><\/span><span class=\"EOP SCXW113909411 BCX9\" data-ccp-props=\"{&quot;201341983&quot;:0,&quot;335551550&quot;:2,&quot;335551620&quot;:2,&quot;335559740&quot;:259}\">&nbsp;<\/span><br \/>\n<\/span><\/span><\/td>\n<\/tr>\n<tr style=\"height: 43px;\" align=\"left\">\n<td style=\"height: 43px; width: 10.8417%;\" valign=\"top\">3bi<\/td>\n<td style=\"height: 43px; width: 16.9757%;\" valign=\"top\">Markus<br \/>\nWidy<\/td>\n<td style=\"height: 43px; width: 15.264%;\" valign=\"top\">Patrizia<br \/>\nOsondu<\/td>\n<td style=\"height: 43px; width: 16.2624%;\" valign=\"top\">Sladjana<br \/>\nMalesevic<\/td>\n<td style=\"height: 43px; width: 20.5012%;\" valign=\"top\"><span class=\"TextRun  BCX9 SCXW240682241\" lang=\"DE-DE\" xml:lang=\"DE-DE\" data-contrast=\"auto\"><span class=\"NormalTextRun  BCX9 SCXW240682241\">Elias Schalle<br \/>\n<span class=\"NormalTextRun  BCX9 SCXW43065308\">Elma&nbsp;<\/span><span class=\"NormalTextRun SpellingErrorV2  BCX9 DefaultHighlightTransition SCXW43065308\">Hodic<\/span><\/span><\/span><\/td>\n<\/tr>\n<tr style=\"height: 43px;\" align=\"left\">\n<td style=\"height: 43px; width: 10.8417%;\" valign=\"top\">4a<\/td>\n<td style=\"height: 43px; width: 16.9757%;\" valign=\"top\">Tanja<br \/>\nEisenbock<\/td>\n<td style=\"height: 43px; width: 15.264%;\" valign=\"top\">Ursula<br \/>\nBrunner<\/td>\n<td style=\"height: 43px; width: 16.2624%;\" valign=\"top\">Birgit<br \/>\nZechner<\/td>\n<td style=\"height: 43px; width: 20.5012%;\" valign=\"top\"><span class=\"TextRun SCXW16225299 BCX9\" lang=\"DE-DE\" xml:lang=\"DE-DE\" data-contrast=\"auto\"><span class=\"NormalTextRun SCXW16225299 BCX9\">Thomas B\u00f6ck **<br \/>\n<span class=\"TextRun SCXW44383250 BCX9\" lang=\"DE-DE\" xml:lang=\"DE-DE\" data-contrast=\"auto\"><span class=\"NormalTextRun SCXW44383250 BCX9\">Benedikt Klein<\/span><\/span><span class=\"EOP SCXW44383250 BCX9\" data-ccp-props=\"{&quot;201341983&quot;:0,&quot;335551550&quot;:2,&quot;335551620&quot;:2,&quot;335559740&quot;:259}\">&nbsp;<\/span><br \/>\n<\/span><\/span><\/td>\n<\/tr>\n<tr style=\"height: 43px;\" align=\"left\">\n<td style=\"height: 43px; width: 10.8417%;\" valign=\"top\">4bi<\/td>\n<td style=\"height: 43px; width: 16.9757%;\" valign=\"top\">Justinne<br \/>\nBirg<\/td>\n<td style=\"height: 43px; width: 15.264%;\" valign=\"top\">Robert<br \/>\nVojtiesek<\/td>\n<td style=\"height: 43px; width: 16.2624%;\" valign=\"top\">Sandra<br \/>\nPrickl<\/td>\n<td style=\"height: 43px; width: 20.5012%;\"><span class=\"NormalTextRun SCXW11819198 BCX9\"><span class=\"TextRun SCXW225742933 BCX9\" lang=\"DE-DE\" xml:lang=\"DE-DE\" data-contrast=\"auto\"><span class=\"NormalTextRun SCXW225742933 BCX9\">Bianca Goldschmidt<\/span><\/span><br \/>\nLea&nbsp;<\/span><span class=\"NormalTextRun SpellingErrorV2 SpellingErrorHighlight SCXW11819198 BCX9\">Stieb\u00f6ck<br \/>\n<\/span><\/td>\n<\/tr>\n<\/tbody>\n<\/table>\n<p>&nbsp;<\/p>\n<p align=\"center\">**)<em><strong> Schulsprecher*in<\/strong><\/em> *) Stellvertreter*in<\/p>\n","protected":false},"excerpt":{"rendered":"<p>Klasse Klassen- vorstand Klassen- eltern- vertreter Stv. Klassen-eltern-vertreter&nbsp; Klassensprecher Klassensprecherstv. 1ePower Gerda Klingler DI Uli &nbsp;Rokita Daniela Lechner Viktor Marinkovic&nbsp; Diana&nbsp;Ptacek&nbsp; 1eFit Dagmar Ungrad Ramona Korcsek Nagihan \u00d6zcan Jeannine H\u00f6tzenberger Eldin Ramadanovic&nbsp; 1eFitI Irmgard Steiner Sandra Prickl Sandra L\u00f6ffler Soror&nbsp;Mansorzada Kevin Knezevic&nbsp; 2ePower Claudia St\u00f6ckelmaier Franz Kozlik&nbsp; Dagmar Lechner&nbsp; Matthias Schwarz Lukas&nbsp;Asanger 2eFit Astrid Keiblinger [&hellip;]<\/p>\n","protected":false},"author":1,"featured_media":0,"parent":37670,"menu_order":4,"comment_status":"closed","ping_status":"closed","template":"","meta":{"ngg_post_thumbnail":0,"footnotes":""},"class_list":["post-3953","page","type-page","status-publish","hentry"],"_links":{"self":[{"href":"https:\/\/www.mint2000.at\/Wordpress\/index.php\/wp-json\/wp\/v2\/pages\/3953","targetHints":{"allow":["GET"]}}],"collection":[{"href":"https:\/\/www.mint2000.at\/Wordpress\/index.php\/wp-json\/wp\/v2\/pages"}],"about":[{"href":"https:\/\/www.mint2000.at\/Wordpress\/index.php\/wp-json\/wp\/v2\/types\/page"}],"author":[{"embeddable":true,"href":"https:\/\/www.mint2000.at\/Wordpress\/index.php\/wp-json\/wp\/v2\/users\/1"}],"replies":[{"embeddable":true,"href":"https:\/\/www.mint2000.at\/Wordpress\/index.php\/wp-json\/wp\/v2\/comments?post=3953"}],"version-history":[{"count":1,"href":"https:\/\/www.mint2000.at\/Wordpress\/index.php\/wp-json\/wp\/v2\/pages\/3953\/revisions"}],"predecessor-version":[{"id":37676,"href":"https:\/\/www.mint2000.at\/Wordpress\/index.php\/wp-json\/wp\/v2\/pages\/3953\/revisions\/37676"}],"up":[{"embeddable":true,"href":"https:\/\/www.mint2000.at\/Wordpress\/index.php\/wp-json\/wp\/v2\/pages\/37670"}],"wp:attachment":[{"href":"https:\/\/www.mint2000.at\/Wordpress\/index.php\/wp-json\/wp\/v2\/media?parent=3953"}],"curies":[{"name":"wp","href":"https:\/\/api.w.org\/{rel}","templated":true}]}}