{"id":43063,"date":"2025-06-15T21:47:12","date_gmt":"2025-06-15T19:47:12","guid":{"rendered":"https:\/\/www.mint2000.at\/Wordpress\/?page_id=43063"},"modified":"2025-06-15T22:12:47","modified_gmt":"2025-06-15T20:12:47","slug":"der-elternverein-der-schule-stellt-sich-vor","status":"publish","type":"page","link":"https:\/\/www.mint2000.at\/Wordpress\/index.php\/unsere-schule\/der-elternverein-der-schule-stellt-sich-vor\/","title":{"rendered":"Elternverein"},"content":{"rendered":"\n\n\n<p style=\"text-align: justify;\"><span style=\"font-size: 24pt;\"><span style=\"font-size: 18pt;\">Der Elternverein der Schule stellt sich vor<\/span><\/span><\/p>\n<p style=\"text-align: justify;\">Der Elternverein der MINT- und Informatik-Mittelschule Stockerau wurde im Fr\u00fchjahr 2025 neu gegr\u00fcndet, bringt aber bereits viele Ideen und gro\u00dfes Engagement mit. Aktuell arbeiten wir an der Umsetzung eines Mental Health Days und planen als gemeinschaftsf\u00f6rderndes Projekt einen Weihnachtsmarkt. Unser Ziel ist es, schulische Vorhaben aktiv zu unterst\u00fctzen und das Miteinander an der Schule zu st\u00e4rken. Besonders am Herzen liegt uns, dass auch finanziell benachteiligte Sch\u00fcler*innen an Schulveranstaltungen teilnehmen k\u00f6nnen.<\/p>\n<p style=\"text-align: justify;\"><a href=\"https:\/\/www.mint2000.at\/Wordpress\/index.php\/unsere-schule\/der-elternverein-der-schule-stellt-sich-vor\/elternverein-vorstandsteam\/\" target=\"_blank\" rel=\"noopener\">Elternverein \u2013 Vorstandsteam<\/a><br><a href=\"https:\/\/www.mint2000.at\/Wordpress\/index.php\/unsere-schule\/der-elternverein-der-schule-stellt-sich-vor\/richtlinien-fuer-foerderungen-durch-den-elternverein\/\" target=\"_blank\" rel=\"noopener\">Richtlinien f\u00fcr F\u00f6rderungen durch den Elternverein<\/a><\/p>\n<p><strong>Wir freuen uns \u00fcber alle Eltern, die sich einbringen oder unsere Arbeit unterst\u00fctzen m\u00f6chten!<\/strong><\/p>\n<p><strong>&nbsp;<\/strong><strong>Sie erreichen uns per E-Mail unter: <\/strong><a href=\"mailto:elternverein@mint2000.at\"><strong>elternverein@mint2000.at<\/strong><\/a><\/p>\n<p><span style=\"font-size: 14pt;\">Linksammlung:<br><\/span><a href=\"https:\/\/www.levnoe.at\/\">LEVN\u00d6 &#8211; N\u00d6 Landesverband der Elternvereine<\/a><\/p>\n","protected":false},"excerpt":{"rendered":"<p>Der Elternverein der Schule stellt sich vor Der Elternverein der MINT- und Informatik-Mittelschule Stockerau wurde im Fr\u00fchjahr 2025 neu gegr\u00fcndet, bringt aber bereits viele Ideen und gro\u00dfes Engagement mit. Aktuell arbeiten wir an der Umsetzung eines Mental Health Days und planen als gemeinschaftsf\u00f6rderndes Projekt einen Weihnachtsmarkt. Unser Ziel ist es, schulische Vorhaben aktiv zu unterst\u00fctzen [&hellip;]<\/p>\n","protected":false},"author":1,"featured_media":0,"parent":109,"menu_order":5,"comment_status":"closed","ping_status":"closed","template":"","meta":{"ngg_post_thumbnail":0,"footnotes":""},"class_list":["post-43063","page","type-page","status-publish","hentry"],"_links":{"self":[{"href":"https:\/\/www.mint2000.at\/Wordpress\/index.php\/wp-json\/wp\/v2\/pages\/43063","targetHints":{"allow":["GET"]}}],"collection":[{"href":"https:\/\/www.mint2000.at\/Wordpress\/index.php\/wp-json\/wp\/v2\/pages"}],"about":[{"href":"https:\/\/www.mint2000.at\/Wordpress\/index.php\/wp-json\/wp\/v2\/types\/page"}],"author":[{"embeddable":true,"href":"https:\/\/www.mint2000.at\/Wordpress\/index.php\/wp-json\/wp\/v2\/users\/1"}],"replies":[{"embeddable":true,"href":"https:\/\/www.mint2000.at\/Wordpress\/index.php\/wp-json\/wp\/v2\/comments?post=43063"}],"version-history":[{"count":6,"href":"https:\/\/www.mint2000.at\/Wordpress\/index.php\/wp-json\/wp\/v2\/pages\/43063\/revisions"}],"predecessor-version":[{"id":43077,"href":"https:\/\/www.mint2000.at\/Wordpress\/index.php\/wp-json\/wp\/v2\/pages\/43063\/revisions\/43077"}],"up":[{"embeddable":true,"href":"https:\/\/www.mint2000.at\/Wordpress\/index.php\/wp-json\/wp\/v2\/pages\/109"}],"wp:attachment":[{"href":"https:\/\/www.mint2000.at\/Wordpress\/index.php\/wp-json\/wp\/v2\/media?parent=43063"}],"curies":[{"name":"wp","href":"https:\/\/api.w.org\/{rel}","templated":true}]}}