{"id":43069,"date":"2025-06-15T22:00:46","date_gmt":"2025-06-15T20:00:46","guid":{"rendered":"https:\/\/www.mint2000.at\/Wordpress\/?page_id=43069"},"modified":"2025-09-14T20:26:38","modified_gmt":"2025-09-14T18:26:38","slug":"richtlinien-fuer-foerderungen-durch-den-elternverein","status":"publish","type":"page","link":"https:\/\/www.mint2000.at\/Wordpress\/index.php\/unsere-schule\/der-elternverein-der-schule-stellt-sich-vor\/richtlinien-fuer-foerderungen-durch-den-elternverein\/","title":{"rendered":"Richtlinien f\u00fcr F\u00f6rderungen durch den Elternverein"},"content":{"rendered":"\n<p><strong>Wer wird gef\u00f6rdert?<br><\/strong>Einkommensschwache Familien mit einem geringen Pro-Kopf-Einkommen<\/p>\n<p><strong>Wieviel wird gef\u00f6rdert?<br><\/strong>Bis zu 50% der Kosten k\u00f6nnen vom Elternverein \u00fcbernommen werden; das ist von der H\u00f6he des Pro-Kopf-Einkommens sowie vom verf\u00fcgbaren Budget des Elternvereins und der Anzahl der F\u00f6rderansuchen abh\u00e4ngig.<br>Bei den F\u00f6rderungen handelt es sich um freiwillige Zuwendungen von Seiten des Elternvereins <strong>f\u00fcr Mitglieder<\/strong>. Ein Rechtsanspruch auf finanzielle Unterst\u00fctzung ist somit nicht gegeben.<\/p>\n<p><strong>Was wird gef\u00f6rdert?<br><\/strong>Schulische Aktivit\u00e4ten, wie z.B. Projekttage, Wintersportwochen usw.<\/p>\n<p><strong>Wie ist der Ablauf?<\/strong><\/p>\n<ul>\n<li><span style=\"color: initial;\">Antrag ausf\u00fcllen \u2013 ist in der Direktion oder hier auf der Homepage der Schule erh\u00e4ltlich.<\/span><\/li>\n<li>Antrag unterschrieben mit den erforderlichen Unterlagen \u00fcber die Direktion an den Elternverein weiterleiten<\/li>\n<li>Der antragstellenden Person wird absolute Vertraulichkeit zugesichert.<\/li>\n<li>In der n\u00e4chstfolgenden Sitzung des Elternvereins wird der Antrag behandelt \u2013 das kann in manchen F\u00e4llen einige Zeit dauern, die Sitzungen finden viertelj\u00e4hrlich statt.<\/li>\n<li>Sobald ein Beschluss gefasst ist, erh\u00e4lt die antragstellende Person eine schriftliche Verst\u00e4ndigung durch den Elternverein.<\/li>\n<li>Bei einer positiven Entscheidung wird das Geld im Nachhinein, d.h. erst wenn die Veranstaltung (Projekttage, Wintersportwoche usw.) stattgefunden und das Kind daran teilgenommen hat, sowie die Endabrechnung durch die Lehrperson abgeschlossen ist (falls sich der Betrag doch noch durch bestimmte Umst\u00e4nde ge\u00e4ndert hat) auf das angegebene Konto \u00fcberwiesen.<\/li>\n<\/ul>\n<p><a href=\"https:\/\/www.mint2000.at\/Wordpress\/wp-content\/uploads\/2025\/09\/2025-09-10-Antrag_auf_Unterstuetzung_durch_den_Elternverein_V02.pdf\" target=\"_blank\" rel=\"noopener\">Link zum F\u00f6rderformular V2<\/a><\/p>\n","protected":false},"excerpt":{"rendered":"<p>Wer wird gef\u00f6rdert?Einkommensschwache Familien mit einem geringen Pro-Kopf-Einkommen Wieviel wird gef\u00f6rdert?Bis zu 50% der Kosten k\u00f6nnen vom Elternverein \u00fcbernommen werden; das ist von der H\u00f6he des Pro-Kopf-Einkommens sowie vom verf\u00fcgbaren Budget des Elternvereins und der Anzahl der F\u00f6rderansuchen abh\u00e4ngig.Bei den F\u00f6rderungen handelt es sich um freiwillige Zuwendungen von Seiten des Elternvereins f\u00fcr Mitglieder. Ein Rechtsanspruch [&hellip;]<\/p>\n","protected":false},"author":1,"featured_media":0,"parent":43063,"menu_order":2,"comment_status":"closed","ping_status":"closed","template":"","meta":{"ngg_post_thumbnail":0,"footnotes":""},"class_list":["post-43069","page","type-page","status-publish","hentry"],"_links":{"self":[{"href":"https:\/\/www.mint2000.at\/Wordpress\/index.php\/wp-json\/wp\/v2\/pages\/43069","targetHints":{"allow":["GET"]}}],"collection":[{"href":"https:\/\/www.mint2000.at\/Wordpress\/index.php\/wp-json\/wp\/v2\/pages"}],"about":[{"href":"https:\/\/www.mint2000.at\/Wordpress\/index.php\/wp-json\/wp\/v2\/types\/page"}],"author":[{"embeddable":true,"href":"https:\/\/www.mint2000.at\/Wordpress\/index.php\/wp-json\/wp\/v2\/users\/1"}],"replies":[{"embeddable":true,"href":"https:\/\/www.mint2000.at\/Wordpress\/index.php\/wp-json\/wp\/v2\/comments?post=43069"}],"version-history":[{"count":3,"href":"https:\/\/www.mint2000.at\/Wordpress\/index.php\/wp-json\/wp\/v2\/pages\/43069\/revisions"}],"predecessor-version":[{"id":43570,"href":"https:\/\/www.mint2000.at\/Wordpress\/index.php\/wp-json\/wp\/v2\/pages\/43069\/revisions\/43570"}],"up":[{"embeddable":true,"href":"https:\/\/www.mint2000.at\/Wordpress\/index.php\/wp-json\/wp\/v2\/pages\/43063"}],"wp:attachment":[{"href":"https:\/\/www.mint2000.at\/Wordpress\/index.php\/wp-json\/wp\/v2\/media?parent=43069"}],"curies":[{"name":"wp","href":"https:\/\/api.w.org\/{rel}","templated":true}]}}