{"id":8101,"date":"2015-09-15T09:35:02","date_gmt":"2015-09-15T07:35:02","guid":{"rendered":"http:\/\/62.218.72.186\/wordpress\/?page_id=8101"},"modified":"2020-12-08T00:41:24","modified_gmt":"2020-12-07T23:41:24","slug":"stundenplan","status":"publish","type":"page","link":"https:\/\/www.mint2000.at\/Wordpress\/index.php\/unsere-schule\/stundenplan\/","title":{"rendered":"Stundenplan"},"content":{"rendered":"<p><span style=\"font-family: helvetica,arial,sans-serif; font-size: 12pt;\">Unter folgendem Link k\u00f6nnen die Stundenpl\u00e4ne aller Klassen geladen werden.<\/span><\/p>\n<p style=\"text-align: center;\"><span style=\"font-family: helvetica,arial,sans-serif; font-size: 12pt;\"><a href=\"https:\/\/urania.webuntis.com\/WebUntis\/?school=hs-ost_stockerau#\/basic\/timetable?amp%3BformatId=1&amp;amp%3Bid=70&amp;type=1\" target=\"_blank\" rel=\"noopener noreferrer\">Stundenpl\u00e4ne der Klassen<\/a><\/span><\/p>\n<p style=\"text-align: center;\"><span style=\"font-family: helvetica,arial,sans-serif; font-size: 12pt;\"><img loading=\"lazy\" decoding=\"async\" class=\"alignnone wp-image-26176\" src=\"http:\/\/62.218.72.186\/wordpress\/wp-content\/uploads\/2020\/10\/Stundenplan.jpg\" alt=\"\" width=\"563\" height=\"250\" srcset=\"https:\/\/www.mint2000.at\/Wordpress\/wp-content\/uploads\/2020\/10\/Stundenplan.jpg 1908w, https:\/\/www.mint2000.at\/Wordpress\/wp-content\/uploads\/2020\/10\/Stundenplan-150x67.jpg 150w, https:\/\/www.mint2000.at\/Wordpress\/wp-content\/uploads\/2020\/10\/Stundenplan-300x133.jpg 300w, https:\/\/www.mint2000.at\/Wordpress\/wp-content\/uploads\/2020\/10\/Stundenplan-1024x455.jpg 1024w, https:\/\/www.mint2000.at\/Wordpress\/wp-content\/uploads\/2020\/10\/Stundenplan-200x89.jpg 200w, https:\/\/www.mint2000.at\/Wordpress\/wp-content\/uploads\/2020\/10\/Stundenplan-400x178.jpg 400w\" sizes=\"auto, (max-width: 563px) 100vw, 563px\" \/><\/span><\/p>\n","protected":false},"excerpt":{"rendered":"<p>Unter folgendem Link k\u00f6nnen die Stundenpl\u00e4ne aller Klassen geladen werden. Stundenpl\u00e4ne der Klassen<\/p>\n","protected":false},"author":1,"featured_media":0,"parent":109,"menu_order":7,"comment_status":"closed","ping_status":"closed","template":"","meta":{"ngg_post_thumbnail":0,"footnotes":""},"class_list":["post-8101","page","type-page","status-publish","hentry"],"_links":{"self":[{"href":"https:\/\/www.mint2000.at\/Wordpress\/index.php\/wp-json\/wp\/v2\/pages\/8101","targetHints":{"allow":["GET"]}}],"collection":[{"href":"https:\/\/www.mint2000.at\/Wordpress\/index.php\/wp-json\/wp\/v2\/pages"}],"about":[{"href":"https:\/\/www.mint2000.at\/Wordpress\/index.php\/wp-json\/wp\/v2\/types\/page"}],"author":[{"embeddable":true,"href":"https:\/\/www.mint2000.at\/Wordpress\/index.php\/wp-json\/wp\/v2\/users\/1"}],"replies":[{"embeddable":true,"href":"https:\/\/www.mint2000.at\/Wordpress\/index.php\/wp-json\/wp\/v2\/comments?post=8101"}],"version-history":[{"count":0,"href":"https:\/\/www.mint2000.at\/Wordpress\/index.php\/wp-json\/wp\/v2\/pages\/8101\/revisions"}],"up":[{"embeddable":true,"href":"https:\/\/www.mint2000.at\/Wordpress\/index.php\/wp-json\/wp\/v2\/pages\/109"}],"wp:attachment":[{"href":"https:\/\/www.mint2000.at\/Wordpress\/index.php\/wp-json\/wp\/v2\/media?parent=8101"}],"curies":[{"name":"wp","href":"https:\/\/api.w.org\/{rel}","templated":true}]}}